{"id":35,"date":"2021-07-01T10:32:53","date_gmt":"2021-07-01T08:32:53","guid":{"rendered":"https:\/\/arbo-gmbh.com\/?page_id=35"},"modified":"2021-07-12T15:25:54","modified_gmt":"2021-07-12T13:25:54","slug":"ueber-uns","status":"publish","type":"page","link":"https:\/\/arbo-gmbh.com\/en\/ueber-uns\/","title":{"rendered":"About Us"},"content":{"rendered":"<p>[et_pb_section fb_built=&#8220;1&#8243; fullwidth=&#8220;on&#8220; _builder_version=&#8220;4.2.2&#8243;][et_pb_fullwidth_header title=&#8220;\u00dcber uns&#8220; _builder_version=&#8220;4.2.2&#8243; title_font=&#8220;Ubuntu|||on|||||&#8220; title_font_size=&#8220;60px&#8220; content_font=&#8220;Ubuntu|300|||||||&#8220; content_font_size=&#8220;25px&#8220; background_enable_color=&#8220;off&#8220; use_background_color_gradient=&#8220;on&#8220; background_color_gradient_start=&#8220;rgba(79,79,79,0.4)&#8220; background_color_gradient_end=&#8220;rgba(22,191,255,0.81)&#8220; background_color_gradient_overlays_image=&#8220;on&#8220; background_image=&#8220;http:\/\/arbo-gmbh.com\/wp-content\/uploads\/2021\/07\/F2018001-8EA7-4AC0-B55E-5CAF4D3EF21B-scaled.jpg&#8220; custom_padding=&#8220;300px||150px||false|false&#8220; content_line_height_tablet=&#8220;&#8220; content_line_height_phone=&#8220;1.4em&#8220; content_line_height_last_edited=&#8220;on|phone&#8220;]<\/p>\n<p>Kompetente Full-Service Produktentwicklung und Logistik aus einer Hand.<\/p>\n<p>[\/et_pb_fullwidth_header][\/et_pb_section][et_pb_section fb_built=&#8220;1&#8243; _builder_version=&#8220;3.22&#8243; custom_padding=&#8220;14px||110px|||&#8220;][et_pb_row column_structure=&#8220;1_3,1_3,1_3&#8243; use_custom_gutter=&#8220;on&#8220; gutter_width=&#8220;1&#8243; custom_padding_last_edited=&#8220;on|tablet&#8220; disabled_on=&#8220;off|off|off&#8220; admin_label=&#8220;Stats&#8220; module_class=&#8220; et_pb_row_fullwidth&#8220; _builder_version=&#8220;4.2.2&#8243; background_enable_color=&#8220;off&#8220; width=&#8220;87%&#8220; width_tablet=&#8220;&#8220; width_phone=&#8220;&#8220; width_last_edited=&#8220;on|tablet&#8220; max_width=&#8220;100%&#8220; max_width_tablet=&#8220;100%&#8220; max_width_phone=&#8220;&#8220; max_width_last_edited=&#8220;on|desktop&#8220; custom_margin=&#8220;-14px||0px||false|false&#8220; custom_margin_tablet=&#8220;&#8220; custom_margin_phone=&#8220;35px||0px||false|false&#8220; custom_margin_last_edited=&#8220;on|phone&#8220; custom_padding=&#8220;6%|0px|110px||false|false&#8220; custom_padding_tablet=&#8220;|0px||0px&#8220; custom_padding_phone=&#8220;&#8220; make_fullwidth=&#8220;on&#8220;][et_pb_column type=&#8220;1_3&#8243; _builder_version=&#8220;3.25&#8243; custom_padding=&#8220;|||&#8220; custom_padding__hover=&#8220;|||&#8220;][et_pb_number_counter title=&#8220;L\u00e4nder&#8220; number=&#8220;7&#8243; percent_sign=&#8220;off&#8220; disabled_on=&#8220;off|off|off&#8220; _builder_version=&#8220;4.2.2&#8243; title_font=&#8220;Ubuntu|700||on|||||&#8220; title_font_size=&#8220;24px&#8220; title_line_height=&#8220;1.6em&#8220; number_font=&#8220;Ubuntu||||||||&#8220; number_font_size=&#8220;72px&#8220; custom_padding=&#8220;||50px||false|false&#8220; animation_style=&#8220;zoom&#8220; animation_intensity_zoom=&#8220;29%&#8220;][\/et_pb_number_counter][\/et_pb_column][et_pb_column type=&#8220;1_3&#8243; _builder_version=&#8220;3.25&#8243; custom_padding=&#8220;|||&#8220; custom_padding__hover=&#8220;|||&#8220;][et_pb_number_counter title=&#8220;Produkte importiert&#8220; number=&#8220;1250&#8243; percent_sign=&#8220;off&#8220; _builder_version=&#8220;4.2.2&#8243; title_font=&#8220;Ubuntu|700||on|||||&#8220; title_font_size=&#8220;24px&#8220; title_line_height=&#8220;1.6em&#8220; number_font=&#8220;Ubuntu||||||||&#8220; number_font_size=&#8220;72px&#8220; custom_padding=&#8220;||50px||false|false&#8220; animation_style=&#8220;zoom&#8220; animation_delay=&#8220;100ms&#8220; animation_intensity_zoom=&#8220;29%&#8220; locked=&#8220;off&#8220;][\/et_pb_number_counter][\/et_pb_column][et_pb_column type=&#8220;1_3&#8243; _builder_version=&#8220;3.25&#8243; custom_padding=&#8220;|||&#8220; custom_padding__hover=&#8220;|||&#8220;][et_pb_number_counter title=&#8220;Mitarbeiter&#8220; number=&#8220;23&#8243; percent_sign=&#8220;off&#8220; _builder_version=&#8220;4.2.2&#8243; title_font=&#8220;Ubuntu|700||on|||||&#8220; title_font_size=&#8220;24px&#8220; title_line_height=&#8220;1.6em&#8220; number_font=&#8220;Ubuntu||||||||&#8220; number_font_size=&#8220;72px&#8220; animation_style=&#8220;zoom&#8220; animation_delay=&#8220;200ms&#8220; animation_intensity_zoom=&#8220;29%&#8220; locked=&#8220;off&#8220;][\/et_pb_number_counter][\/et_pb_column][\/et_pb_row][et_pb_row column_structure=&#8220;1_2,1_2&#8243; _builder_version=&#8220;3.25&#8243;][et_pb_column type=&#8220;1_2&#8243; _builder_version=&#8220;3.25&#8243; custom_padding=&#8220;|||&#8220; custom_padding__hover=&#8220;|||&#8220;][et_pb_text admin_label=&#8220;Title&#8220; _builder_version=&#8220;4.2.2&#8243; text_font=&#8220;||||&#8220; text_text_color=&#8220;#1a1a1a&#8220; header_font=&#8220;Ubuntu|700||on|||||&#8220; header_text_align=&#8220;left&#8220; header_font_size=&#8220;49px&#8220; header_line_height=&#8220;1.3em&#8220; max_width=&#8220;450px&#8220; custom_margin=&#8220;|||&#8220; custom_padding=&#8220;|||&#8220; animation_style=&#8220;slide&#8220; animation_direction=&#8220;top&#8220; animation_intensity_slide=&#8220;10%&#8220; header_font_size_tablet=&#8220;&#8220; header_font_size_phone=&#8220;45px&#8220; header_font_size_last_edited=&#8220;on|phone&#8220; locked=&#8220;off&#8220;]<\/p>\n<h1>Unser Netzwerk = Dein Vorteil<\/h1>\n<p>[\/et_pb_text][et_pb_text _builder_version=&#8220;4.2.2&#8243; text_font=&#8220;Ubuntu|300|||||||&#8220; text_font_size=&#8220;16px&#8220; text_line_height=&#8220;1.9em&#8220; background_size=&#8220;initial&#8220; background_position=&#8220;top_left&#8220; background_repeat=&#8220;repeat&#8220; max_width=&#8220;450px&#8220; custom_margin=&#8220;0px||||false|false&#8220; custom_padding=&#8220;||0px||false|false&#8220; animation_style=&#8220;slide&#8220; animation_direction=&#8220;top&#8220; animation_delay=&#8220;400ms&#8220; animation_intensity_slide=&#8220;4%&#8220; locked=&#8220;off&#8220;]<\/p>\n<p>Als Full-Service Produktentwicklungsagentur begleiten wir Dein Projekt von den Kinderschuhen an und wollen Dich langfristig wachsen sehen. Unser gro\u00dfes Team verspricht Expertenstatus auf all&#8216; unseren Gebieten. So gew\u00e4hrleisten wir beste Qualit\u00e4t, beste Preise, eine unkomplizierte Abwicklung und individuelle Modelle.<\/p>\n<p>[\/et_pb_text][et_pb_divider color=&#8220;#000000&#8243; divider_position=&#8220;center&#8220; divider_weight=&#8220;3px&#8220; disabled_on=&#8220;on|on|off%22&#8243; _builder_version=&#8220;4.2.2&#8243; max_width=&#8220;150px&#8220; height=&#8220;false&#8220; custom_margin=&#8220;30px|||&#8220; custom_margin_tablet=&#8220;30px||30px||false|false&#8220; custom_margin_phone=&#8220;&#8220; custom_margin_last_edited=&#8220;on|tablet&#8220; animation_style=&#8220;slide&#8220; animation_direction=&#8220;top&#8220; animation_delay=&#8220;100ms&#8220; animation_intensity_slide=&#8220;10%&#8220; locked=&#8220;off&#8220;][\/et_pb_divider][\/et_pb_column][et_pb_column type=&#8220;1_2&#8243; _builder_version=&#8220;3.25&#8243; custom_padding=&#8220;|||&#8220; custom_padding__hover=&#8220;|||&#8220;][et_pb_image src=&#8220;http:\/\/arbo-gmbh.com\/wp-content\/uploads\/2021\/07\/arbo-dienstleistungen.jpg&#8220; force_fullwidth=&#8220;on&#8220; align_tablet=&#8220;center&#8220; align_phone=&#8220;&#8220; align_last_edited=&#8220;on|desktop&#8220; _builder_version=&#8220;4.2.2&#8243; custom_margin=&#8220;|||&#8220; animation_style=&#8220;slide&#8220; animation_direction=&#8220;%22fade_in%22&#8243; animation_duration=&#8220;500ms&#8220; animation_intensity_slide=&#8220;10%&#8220; animation=&#8220;fade_in&#8220;][\/et_pb_image][\/et_pb_column][\/et_pb_row][\/et_pb_section][et_pb_section fb_built=&#8220;1&#8243; _builder_version=&#8220;4.2.2&#8243; use_background_color_gradient=&#8220;on&#8220; background_color_gradient_start=&#8220;#32dbf2&#8243; background_color_gradient_end=&#8220;#16bfff&#8220; background_color_gradient_direction=&#8220;167deg&#8220; custom_padding=&#8220;100px||||false|false&#8220; filter_saturate=&#8220;90%&#8220; top_divider_height=&#8220;80px&#8220; locked=&#8220;off&#8220;][et_pb_row column_structure=&#8220;1_2,1_2&#8243; _builder_version=&#8220;4.2.2&#8243;][et_pb_column type=&#8220;1_2&#8243; _builder_version=&#8220;4.2.2&#8243;][et_pb_text _builder_version=&#8220;4.2.2&#8243; text_font=&#8220;Ubuntu|300|||||||&#8220; text_text_color=&#8220;#ffffff&#8220; text_font_size=&#8220;16px&#8220; text_line_height=&#8220;1.8em&#8220; header_2_font=&#8220;Ubuntu||||||||&#8220; header_2_text_color=&#8220;#ffffff&#8220; header_2_font_size=&#8220;35px&#8220;]<\/p>\n<h2>Dein Erfolg startet heute!<\/h2>\n<p>Kontaktiere uns und gemeinsam finden wir eine L\u00f6sung f\u00fcr dein individuelles Vorhaben.<\/p>\n<p>[\/et_pb_text][et_pb_button button_text=&#8220;Jetzt loslegen&#8220; _builder_version=&#8220;4.2.2&#8243; custom_button=&#8220;on&#8220; button_text_color=&#8220;#16bfff&#8220; button_bg_color=&#8220;#ffffff&#8220; button_border_width=&#8220;0px&#8220; button_border_radius=&#8220;5px&#8220; button_font=&#8220;Ubuntu||||||||&#8220; hover_enabled=&#8220;0&#8243; button_url=&#8220;https:\/\/arbo-gmbh.com\/kontakt\/&#8220;][\/et_pb_button][\/et_pb_column][et_pb_column type=&#8220;1_2&#8243; _builder_version=&#8220;4.2.2&#8243;][et_pb_image src=&#8220;https:\/\/arbo-gmbh.com\/wp-content\/uploads\/2021\/07\/pov-of-female-holding-smartphone-with-blank-screen-N9W77KR-1024&#215;971-1.png&#8220; _builder_version=&#8220;4.2.2&#8243; custom_margin=&#8220;-80px||-80px||false|false&#8220;][\/et_pb_image][\/et_pb_column][\/et_pb_row][\/et_pb_section]<\/p>\n","protected":false},"excerpt":{"rendered":"<p>[et_pb_section fb_built=&#8220;1&#8243; fullwidth=&#8220;on&#8220; _builder_version=&#8220;4.2.2&#8243;][et_pb_fullwidth_header title=&#8220;\u00dcber uns&#8220; _builder_version=&#8220;4.2.2&#8243; title_font=&#8220;Ubuntu|||on|||||&#8220; title_font_size=&#8220;60px&#8220; content_font=&#8220;Ubuntu|300|||||||&#8220; content_font_size=&#8220;25px&#8220; background_enable_color=&#8220;off&#8220; use_background_color_gradient=&#8220;on&#8220; background_color_gradient_start=&#8220;rgba(79,79,79,0.4)&#8220; background_color_gradient_end=&#8220;rgba(22,191,255,0.81)&#8220; background_color_gradient_overlays_image=&#8220;on&#8220; background_image=&#8220;http:\/\/arbo-gmbh.com\/wp-content\/uploads\/2021\/07\/F2018001-8EA7-4AC0-B55E-5CAF4D3EF21B-scaled.jpg&#8220; custom_padding=&#8220;300px||150px||false|false&#8220; content_line_height_tablet=&#8220;&#8220; content_line_height_phone=&#8220;1.4em&#8220; content_line_height_last_edited=&#8220;on|phone&#8220;] Kompetente Full-Service Produktentwicklung und Logistik aus einer Hand. [\/et_pb_fullwidth_header][\/et_pb_section][et_pb_section fb_built=&#8220;1&#8243; _builder_version=&#8220;3.22&#8243; custom_padding=&#8220;14px||110px|||&#8220;][et_pb_row column_structure=&#8220;1_3,1_3,1_3&#8243; use_custom_gutter=&#8220;on&#8220; gutter_width=&#8220;1&#8243; custom_padding_last_edited=&#8220;on|tablet&#8220; disabled_on=&#8220;off|off|off&#8220; admin_label=&#8220;Stats&#8220; module_class=&#8220; et_pb_row_fullwidth&#8220; _builder_version=&#8220;4.2.2&#8243; background_enable_color=&#8220;off&#8220; width=&#8220;87%&#8220; width_tablet=&#8220;&#8220; width_phone=&#8220;&#8220; width_last_edited=&#8220;on|tablet&#8220; max_width=&#8220;100%&#8220; max_width_tablet=&#8220;100%&#8220; max_width_phone=&#8220;&#8220; max_width_last_edited=&#8220;on|desktop&#8220; custom_margin=&#8220;-14px||0px||false|false&#8220; custom_margin_tablet=&#8220;&#8220; custom_margin_phone=&#8220;35px||0px||false|false&#8220; custom_margin_last_edited=&#8220;on|phone&#8220; [&hellip;]<\/p>\n","protected":false},"author":2,"featured_media":0,"parent":0,"menu_order":0,"comment_status":"closed","ping_status":"closed","template":"","meta":{"_et_pb_use_builder":"on","_et_pb_old_content":"","_et_gb_content_width":"","footnotes":""},"class_list":["post-35","page","type-page","status-publish","hentry"],"yoast_head":"<!-- This site is optimized with the Yoast SEO plugin v27.5 - https:\/\/yoast.com\/product\/yoast-seo-wordpress\/ -->\n<title>\u00dcber Uns - arbo-gmbh.com<\/title>\n<meta name=\"robots\" content=\"index, follow, max-snippet:-1, max-image-preview:large, max-video-preview:-1\" \/>\n<link rel=\"canonical\" href=\"https:\/\/arbo-gmbh.com\/en\/ueber-uns\/\" \/>\n<meta property=\"og:locale\" content=\"en_US\" \/>\n<meta property=\"og:type\" content=\"article\" \/>\n<meta property=\"og:title\" content=\"\u00dcber Uns - arbo-gmbh.com\" \/>\n<meta property=\"og:description\" content=\"[et_pb_section fb_built=&#8220;1&#8243; fullwidth=&#8220;on&#8220; _builder_version=&#8220;4.2.2&#8243;][et_pb_fullwidth_header title=&#8220;\u00dcber uns&#8220; _builder_version=&#8220;4.2.2&#8243; title_font=&#8220;Ubuntu|||on|||||&#8220; title_font_size=&#8220;60px&#8220; content_font=&#8220;Ubuntu|300|||||||&#8220; content_font_size=&#8220;25px&#8220; background_enable_color=&#8220;off&#8220; use_background_color_gradient=&#8220;on&#8220; background_color_gradient_start=&#8220;rgba(79,79,79,0.4)&#8220; background_color_gradient_end=&#8220;rgba(22,191,255,0.81)&#8220; background_color_gradient_overlays_image=&#8220;on&#8220; background_image=&#8220;http:\/\/arbo-gmbh.com\/wp-content\/uploads\/2021\/07\/F2018001-8EA7-4AC0-B55E-5CAF4D3EF21B-scaled.jpg&#8220; custom_padding=&#8220;300px||150px||false|false&#8220; content_line_height_tablet=&#8220;&#8220; content_line_height_phone=&#8220;1.4em&#8220; content_line_height_last_edited=&#8220;on|phone&#8220;] Kompetente Full-Service Produktentwicklung und Logistik aus einer Hand. [\/et_pb_fullwidth_header][\/et_pb_section][et_pb_section fb_built=&#8220;1&#8243; _builder_version=&#8220;3.22&#8243; custom_padding=&#8220;14px||110px|||&#8220;][et_pb_row column_structure=&#8220;1_3,1_3,1_3&#8243; use_custom_gutter=&#8220;on&#8220; gutter_width=&#8220;1&#8243; custom_padding_last_edited=&#8220;on|tablet&#8220; disabled_on=&#8220;off|off|off&#8220; admin_label=&#8220;Stats&#8220; module_class=&#8220; et_pb_row_fullwidth&#8220; _builder_version=&#8220;4.2.2&#8243; background_enable_color=&#8220;off&#8220; width=&#8220;87%&#8220; width_tablet=&#8220;&#8220; width_phone=&#8220;&#8220; width_last_edited=&#8220;on|tablet&#8220; max_width=&#8220;100%&#8220; max_width_tablet=&#8220;100%&#8220; max_width_phone=&#8220;&#8220; max_width_last_edited=&#8220;on|desktop&#8220; custom_margin=&#8220;-14px||0px||false|false&#8220; custom_margin_tablet=&#8220;&#8220; custom_margin_phone=&#8220;35px||0px||false|false&#8220; custom_margin_last_edited=&#8220;on|phone&#8220; [&hellip;]\" \/>\n<meta property=\"og:url\" content=\"https:\/\/arbo-gmbh.com\/en\/ueber-uns\/\" \/>\n<meta property=\"og:site_name\" content=\"arbo-gmbh.com\" \/>\n<meta property=\"article:modified_time\" content=\"2021-07-12T13:25:54+00:00\" \/>\n<meta name=\"twitter:card\" content=\"summary_large_image\" \/>\n<meta name=\"twitter:label1\" content=\"Est. reading time\" \/>\n\t<meta name=\"twitter:data1\" content=\"5 minutes\" \/>\n<script type=\"application\/ld+json\" class=\"yoast-schema-graph\">{\"@context\":\"https:\\\/\\\/schema.org\",\"@graph\":[{\"@type\":\"WebPage\",\"@id\":\"https:\\\/\\\/arbo-gmbh.com\\\/ueber-uns\\\/\",\"url\":\"https:\\\/\\\/arbo-gmbh.com\\\/ueber-uns\\\/\",\"name\":\"\u00dcber Uns - arbo-gmbh.com\",\"isPartOf\":{\"@id\":\"https:\\\/\\\/arbo-gmbh.com\\\/#website\"},\"datePublished\":\"2021-07-01T08:32:53+00:00\",\"dateModified\":\"2021-07-12T13:25:54+00:00\",\"breadcrumb\":{\"@id\":\"https:\\\/\\\/arbo-gmbh.com\\\/ueber-uns\\\/#breadcrumb\"},\"inLanguage\":\"en-US\",\"potentialAction\":[{\"@type\":\"ReadAction\",\"target\":[\"https:\\\/\\\/arbo-gmbh.com\\\/ueber-uns\\\/\"]}]},{\"@type\":\"BreadcrumbList\",\"@id\":\"https:\\\/\\\/arbo-gmbh.com\\\/ueber-uns\\\/#breadcrumb\",\"itemListElement\":[{\"@type\":\"ListItem\",\"position\":1,\"name\":\"Startseite\",\"item\":\"https:\\\/\\\/arbo-gmbh.com\\\/\"},{\"@type\":\"ListItem\",\"position\":2,\"name\":\"\u00dcber Uns\"}]},{\"@type\":\"WebSite\",\"@id\":\"https:\\\/\\\/arbo-gmbh.com\\\/#website\",\"url\":\"https:\\\/\\\/arbo-gmbh.com\\\/\",\"name\":\"arbo-gmbh.com\",\"description\":\"Full-Service Product Development And Logistics.o\",\"potentialAction\":[{\"@type\":\"SearchAction\",\"target\":{\"@type\":\"EntryPoint\",\"urlTemplate\":\"https:\\\/\\\/arbo-gmbh.com\\\/?s={search_term_string}\"},\"query-input\":{\"@type\":\"PropertyValueSpecification\",\"valueRequired\":true,\"valueName\":\"search_term_string\"}}],\"inLanguage\":\"en-US\"}]}<\/script>\n<!-- \/ Yoast SEO plugin. -->","yoast_head_json":{"title":"\u00dcber Uns - arbo-gmbh.com","robots":{"index":"index","follow":"follow","max-snippet":"max-snippet:-1","max-image-preview":"max-image-preview:large","max-video-preview":"max-video-preview:-1"},"canonical":"https:\/\/arbo-gmbh.com\/en\/ueber-uns\/","og_locale":"en_US","og_type":"article","og_title":"\u00dcber Uns - arbo-gmbh.com","og_description":"[et_pb_section fb_built=&#8220;1&#8243; fullwidth=&#8220;on&#8220; _builder_version=&#8220;4.2.2&#8243;][et_pb_fullwidth_header title=&#8220;\u00dcber uns&#8220; _builder_version=&#8220;4.2.2&#8243; title_font=&#8220;Ubuntu|||on|||||&#8220; title_font_size=&#8220;60px&#8220; content_font=&#8220;Ubuntu|300|||||||&#8220; content_font_size=&#8220;25px&#8220; background_enable_color=&#8220;off&#8220; use_background_color_gradient=&#8220;on&#8220; background_color_gradient_start=&#8220;rgba(79,79,79,0.4)&#8220; background_color_gradient_end=&#8220;rgba(22,191,255,0.81)&#8220; background_color_gradient_overlays_image=&#8220;on&#8220; background_image=&#8220;http:\/\/arbo-gmbh.com\/wp-content\/uploads\/2021\/07\/F2018001-8EA7-4AC0-B55E-5CAF4D3EF21B-scaled.jpg&#8220; custom_padding=&#8220;300px||150px||false|false&#8220; content_line_height_tablet=&#8220;&#8220; content_line_height_phone=&#8220;1.4em&#8220; content_line_height_last_edited=&#8220;on|phone&#8220;] Kompetente Full-Service Produktentwicklung und Logistik aus einer Hand. [\/et_pb_fullwidth_header][\/et_pb_section][et_pb_section fb_built=&#8220;1&#8243; _builder_version=&#8220;3.22&#8243; custom_padding=&#8220;14px||110px|||&#8220;][et_pb_row column_structure=&#8220;1_3,1_3,1_3&#8243; use_custom_gutter=&#8220;on&#8220; gutter_width=&#8220;1&#8243; custom_padding_last_edited=&#8220;on|tablet&#8220; disabled_on=&#8220;off|off|off&#8220; admin_label=&#8220;Stats&#8220; module_class=&#8220; et_pb_row_fullwidth&#8220; _builder_version=&#8220;4.2.2&#8243; background_enable_color=&#8220;off&#8220; width=&#8220;87%&#8220; width_tablet=&#8220;&#8220; width_phone=&#8220;&#8220; width_last_edited=&#8220;on|tablet&#8220; max_width=&#8220;100%&#8220; max_width_tablet=&#8220;100%&#8220; max_width_phone=&#8220;&#8220; max_width_last_edited=&#8220;on|desktop&#8220; custom_margin=&#8220;-14px||0px||false|false&#8220; custom_margin_tablet=&#8220;&#8220; custom_margin_phone=&#8220;35px||0px||false|false&#8220; custom_margin_last_edited=&#8220;on|phone&#8220; [&hellip;]","og_url":"https:\/\/arbo-gmbh.com\/en\/ueber-uns\/","og_site_name":"arbo-gmbh.com","article_modified_time":"2021-07-12T13:25:54+00:00","twitter_card":"summary_large_image","twitter_misc":{"Est. reading time":"5 minutes"},"schema":{"@context":"https:\/\/schema.org","@graph":[{"@type":"WebPage","@id":"https:\/\/arbo-gmbh.com\/ueber-uns\/","url":"https:\/\/arbo-gmbh.com\/ueber-uns\/","name":"\u00dcber Uns - arbo-gmbh.com","isPartOf":{"@id":"https:\/\/arbo-gmbh.com\/#website"},"datePublished":"2021-07-01T08:32:53+00:00","dateModified":"2021-07-12T13:25:54+00:00","breadcrumb":{"@id":"https:\/\/arbo-gmbh.com\/ueber-uns\/#breadcrumb"},"inLanguage":"en-US","potentialAction":[{"@type":"ReadAction","target":["https:\/\/arbo-gmbh.com\/ueber-uns\/"]}]},{"@type":"BreadcrumbList","@id":"https:\/\/arbo-gmbh.com\/ueber-uns\/#breadcrumb","itemListElement":[{"@type":"ListItem","position":1,"name":"Startseite","item":"https:\/\/arbo-gmbh.com\/"},{"@type":"ListItem","position":2,"name":"\u00dcber Uns"}]},{"@type":"WebSite","@id":"https:\/\/arbo-gmbh.com\/#website","url":"https:\/\/arbo-gmbh.com\/","name":"arbo-gmbh.com","description":"Full-Service Product Development And Logistics.o","potentialAction":[{"@type":"SearchAction","target":{"@type":"EntryPoint","urlTemplate":"https:\/\/arbo-gmbh.com\/?s={search_term_string}"},"query-input":{"@type":"PropertyValueSpecification","valueRequired":true,"valueName":"search_term_string"}}],"inLanguage":"en-US"}]}},"_links":{"self":[{"href":"https:\/\/arbo-gmbh.com\/en\/wp-json\/wp\/v2\/pages\/35","targetHints":{"allow":["GET"]}}],"collection":[{"href":"https:\/\/arbo-gmbh.com\/en\/wp-json\/wp\/v2\/pages"}],"about":[{"href":"https:\/\/arbo-gmbh.com\/en\/wp-json\/wp\/v2\/types\/page"}],"author":[{"embeddable":true,"href":"https:\/\/arbo-gmbh.com\/en\/wp-json\/wp\/v2\/users\/2"}],"replies":[{"embeddable":true,"href":"https:\/\/arbo-gmbh.com\/en\/wp-json\/wp\/v2\/comments?post=35"}],"version-history":[{"count":10,"href":"https:\/\/arbo-gmbh.com\/en\/wp-json\/wp\/v2\/pages\/35\/revisions"}],"predecessor-version":[{"id":413,"href":"https:\/\/arbo-gmbh.com\/en\/wp-json\/wp\/v2\/pages\/35\/revisions\/413"}],"wp:attachment":[{"href":"https:\/\/arbo-gmbh.com\/en\/wp-json\/wp\/v2\/media?parent=35"}],"curies":[{"name":"wp","href":"https:\/\/api.w.org\/{rel}","templated":true}]}}