{"id":32,"date":"2021-07-01T10:32:13","date_gmt":"2021-07-01T08:32:13","guid":{"rendered":"https:\/\/arbo-gmbh.com\/?page_id=32"},"modified":"2021-07-10T12:00:17","modified_gmt":"2021-07-10T10:00:17","slug":"consulting","status":"publish","type":"page","link":"https:\/\/arbo-gmbh.com\/en\/consulting\/","title":{"rendered":"Consulting"},"content":{"rendered":"<p>[et_pb_section fb_built=&#8220;1&#8243; fullwidth=&#8220;on&#8220; _builder_version=&#8220;4.2.2&#8243; use_background_color_gradient=&#8220;on&#8220; background_color_gradient_start=&#8220;rgba(0,0,0,0)&#8220; background_color_gradient_end=&#8220;rgba(50,219,242,0.8)&#8220; background_color_gradient_direction=&#8220;167deg&#8220; background_color_gradient_overlays_image=&#8220;on&#8220; background_image=&#8220;https:\/\/arbo-gmbh.com\/wp-content\/uploads\/2021\/07\/business-people-consulting-A4272GR.jpg&#8220; bottom_divider_style=&#8220;wave&#8220; bottom_divider_color=&#8220;#ffffff&#8220; bottom_divider_height=&#8220;0px&#8220;][et_pb_fullwidth_header title=&#8220;consulting&#8220; background_overlay_color=&#8220;rgba(0,0,0,0.2)&#8220; _builder_version=&#8220;4.2.2&#8243; title_font=&#8220;Ubuntu|700||on|||||&#8220; title_font_size=&#8220;50px&#8220; content_font=&#8220;Ubuntu|300|||||||&#8220; content_font_size=&#8220;22px&#8220; background_enable_color=&#8220;off&#8220; background_enable_image=&#8220;off&#8220; custom_padding=&#8220;270px||70px||false|false&#8220; hover_enabled=&#8220;0&#8243;]<\/p>\n<p>F\u00fcr Dein eigenes Business.<\/p>\n<p>[\/et_pb_fullwidth_header][\/et_pb_section][et_pb_section fb_built=&#8220;1&#8243; _builder_version=&#8220;4.2.2&#8243;][et_pb_row column_structure=&#8220;1_2,1_2&#8243; _builder_version=&#8220;4.2.2&#8243;][et_pb_column type=&#8220;1_2&#8243; _builder_version=&#8220;4.2.2&#8243;][et_pb_text _builder_version=&#8220;4.2.2&#8243; text_font=&#8220;Ubuntu|300|||||||&#8220; text_font_size=&#8220;16px&#8220; text_line_height=&#8220;1.8em&#8220; header_2_font=&#8220;Ubuntu||||||||&#8220; header_2_font_size=&#8220;30px&#8220; background_color=&#8220;rgba(0,0,0,0)&#8220; custom_padding=&#8220;0px|0px|0px|0px|false|false&#8220; border_color_all=&#8220;#ffffff&#8220;]<\/p>\n<h2>Coaching<\/h2>\n<p>Ein pers\u00f6nlicher Coach ist eine der wertvollsten Investitionen, die Du t\u00e4tigen kannst. Wir unterst\u00fctzen Dich mit kreativen L\u00f6sungen in Deinem Business und helfen Dir dabei, die Hindernisse zu \u00fcberwinden, die zwischen Dir und Deinem Ziel stehen.<\/p>\n<p>[\/et_pb_text][et_pb_divider color=&#8220;#0f0f0f&#8220; divider_weight=&#8220;2px&#8220; _builder_version=&#8220;4.2.2&#8243; width=&#8220;30%&#8220;][\/et_pb_divider][\/et_pb_column][et_pb_column type=&#8220;1_2&#8243; _builder_version=&#8220;4.2.2&#8243;][et_pb_text _builder_version=&#8220;4.2.2&#8243; text_font=&#8220;Ubuntu|300|||||||&#8220; text_font_size=&#8220;16px&#8220; text_line_height=&#8220;1.8em&#8220; header_2_font=&#8220;Ubuntu||||||||&#8220; header_2_font_size=&#8220;30px&#8220;]<\/p>\n<h2>Workshops<\/h2>\n<p>Wir unterst\u00fctzen Dich und Dein Team beim Aufbau eurer Kompetenzen.\u00a0<span>Unser Team h\u00e4lt Vortr\u00e4ge und f\u00fchrt interaktive Workshops zu all&#8216; unseren Themenbereichen. Online, vor Ort oder auf Messen.<\/span><\/p>\n<p>[\/et_pb_text][et_pb_divider color=&#8220;#0f0f0f&#8220; divider_weight=&#8220;2px&#8220; _builder_version=&#8220;4.2.2&#8243; width=&#8220;30%&#8220;][\/et_pb_divider][\/et_pb_column][\/et_pb_row][\/et_pb_section][et_pb_section fb_built=&#8220;1&#8243; _builder_version=&#8220;4.2.2&#8243; background_color=&#8220;#0f0f0f&#8220; custom_padding=&#8220;100px||||false|false&#8220; top_divider_height=&#8220;80px&#8220;][et_pb_row _builder_version=&#8220;4.2.2&#8243;][et_pb_column type=&#8220;4_4&#8243; _builder_version=&#8220;4.2.2&#8243;][et_pb_text _builder_version=&#8220;4.2.2&#8243; text_font=&#8220;Ubuntu|300|||||||&#8220; text_text_color=&#8220;#ffffff&#8220; text_font_size=&#8220;16px&#8220; text_line_height=&#8220;1.8em&#8220; header_2_font=&#8220;Ubuntu||||||||&#8220; header_2_text_color=&#8220;#ffffff&#8220; header_2_font_size=&#8220;45px&#8220; hover_enabled=&#8220;0&#8243; header_2_font_size_last_edited=&#8220;on|phone&#8220; header_2_font_size_phone=&#8220;40px&#8220;]<\/p>\n<h2>Lerne uns pers\u00f6nlich kennen.<strong style=\"font-size: 16px;\"><\/strong><\/h2>\n<p>[\/et_pb_text][et_pb_divider color=&#8220;#ffffff&#8220; divider_weight=&#8220;2px&#8220; _builder_version=&#8220;4.2.2&#8243; width=&#8220;14%&#8220;][\/et_pb_divider][\/et_pb_column][\/et_pb_row][\/et_pb_section][et_pb_section fb_built=&#8220;1&#8243; _builder_version=&#8220;4.2.2&#8243; use_background_color_gradient=&#8220;on&#8220; background_color_gradient_start=&#8220;#32dbf2&#8243; background_color_gradient_end=&#8220;#16bfff&#8220; background_color_gradient_direction=&#8220;167deg&#8220; custom_padding=&#8220;100px||||false|false&#8220; filter_saturate=&#8220;90%&#8220; top_divider_height=&#8220;80px&#8220;][et_pb_row column_structure=&#8220;1_2,1_2&#8243; _builder_version=&#8220;4.2.2&#8243;][et_pb_column type=&#8220;1_2&#8243; _builder_version=&#8220;4.2.2&#8243;][et_pb_text _builder_version=&#8220;4.2.2&#8243; text_font=&#8220;Ubuntu|300|||||||&#8220; text_text_color=&#8220;#ffffff&#8220; text_font_size=&#8220;16px&#8220; text_line_height=&#8220;1.8em&#8220; header_2_font=&#8220;Ubuntu||||||||&#8220; header_2_text_color=&#8220;#ffffff&#8220; header_2_font_size=&#8220;35px&#8220;]<\/p>\n<h2>Dein Erfolg startet heute!<\/h2>\n<div class=\"et_pb_module et_pb_text et_pb_text_5  et_pb_text_align_left et_pb_bg_layout_light\">\n<div class=\"et_pb_text_inner\">\n<p>Kontaktiere uns und gemeinsam finden wir eine L\u00f6sung f\u00fcr dein individuelles Vorhaben.\u00a0<\/p>\n<\/div>\n<\/div>\n<p>[\/et_pb_text][et_pb_button button_url=&#8220;https:\/\/arbo-gmbh.com\/kontakt\/&#8220; button_text=&#8220;Jetzt loslegen&#8220; _builder_version=&#8220;4.2.2&#8243; custom_button=&#8220;on&#8220; button_text_color=&#8220;#16bfff&#8220; button_bg_color=&#8220;#ffffff&#8220; button_border_width=&#8220;0px&#8220; button_border_radius=&#8220;5px&#8220; button_font=&#8220;Ubuntu||||||||&#8220;][\/et_pb_button][\/et_pb_column][et_pb_column type=&#8220;1_2&#8243; _builder_version=&#8220;4.2.2&#8243;][et_pb_image src=&#8220;https:\/\/arbo-gmbh.com\/wp-content\/uploads\/2021\/07\/pov-of-female-holding-smartphone-with-blank-screen-N9W77KR-1024&#215;971-1.png&#8220; _builder_version=&#8220;4.2.2&#8243; custom_margin=&#8220;-80px||-80px||false|false&#8220; hover_enabled=&#8220;0&#8243;][\/et_pb_image][\/et_pb_column][\/et_pb_row][\/et_pb_section]<\/p>\n","protected":false},"excerpt":{"rendered":"<p>[et_pb_section fb_built=&#8220;1&#8243; fullwidth=&#8220;on&#8220; _builder_version=&#8220;4.2.2&#8243; use_background_color_gradient=&#8220;on&#8220; background_color_gradient_start=&#8220;rgba(0,0,0,0)&#8220; background_color_gradient_end=&#8220;rgba(50,219,242,0.8)&#8220; background_color_gradient_direction=&#8220;167deg&#8220; background_color_gradient_overlays_image=&#8220;on&#8220; background_image=&#8220;https:\/\/arbo-gmbh.com\/wp-content\/uploads\/2021\/07\/business-people-consulting-A4272GR.jpg&#8220; bottom_divider_style=&#8220;wave&#8220; bottom_divider_color=&#8220;#ffffff&#8220; bottom_divider_height=&#8220;0px&#8220;][et_pb_fullwidth_header title=&#8220;consulting&#8220; background_overlay_color=&#8220;rgba(0,0,0,0.2)&#8220; _builder_version=&#8220;4.2.2&#8243; title_font=&#8220;Ubuntu|700||on|||||&#8220; title_font_size=&#8220;50px&#8220; content_font=&#8220;Ubuntu|300|||||||&#8220; content_font_size=&#8220;22px&#8220; background_enable_color=&#8220;off&#8220; background_enable_image=&#8220;off&#8220; custom_padding=&#8220;270px||70px||false|false&#8220; hover_enabled=&#8220;0&#8243;] F\u00fcr Dein eigenes Business. [\/et_pb_fullwidth_header][\/et_pb_section][et_pb_section fb_built=&#8220;1&#8243; _builder_version=&#8220;4.2.2&#8243;][et_pb_row column_structure=&#8220;1_2,1_2&#8243; _builder_version=&#8220;4.2.2&#8243;][et_pb_column type=&#8220;1_2&#8243; _builder_version=&#8220;4.2.2&#8243;][et_pb_text _builder_version=&#8220;4.2.2&#8243; text_font=&#8220;Ubuntu|300|||||||&#8220; text_font_size=&#8220;16px&#8220; text_line_height=&#8220;1.8em&#8220; header_2_font=&#8220;Ubuntu||||||||&#8220; header_2_font_size=&#8220;30px&#8220; background_color=&#8220;rgba(0,0,0,0)&#8220; custom_padding=&#8220;0px|0px|0px|0px|false|false&#8220; border_color_all=&#8220;#ffffff&#8220;] Coaching Ein pers\u00f6nlicher Coach ist eine der wertvollsten Investitionen, die Du [&hellip;]<\/p>\n","protected":false},"author":2,"featured_media":0,"parent":0,"menu_order":0,"comment_status":"closed","ping_status":"closed","template":"","meta":{"_et_pb_use_builder":"on","_et_pb_old_content":"","_et_gb_content_width":"","footnotes":""},"class_list":["post-32","page","type-page","status-publish","hentry"],"yoast_head":"<!-- This site is optimized with the Yoast SEO plugin v27.5 - https:\/\/yoast.com\/product\/yoast-seo-wordpress\/ -->\n<title>Consulting - arbo-gmbh.com<\/title>\n<meta name=\"robots\" content=\"index, follow, max-snippet:-1, max-image-preview:large, max-video-preview:-1\" \/>\n<link rel=\"canonical\" href=\"https:\/\/arbo-gmbh.com\/en\/consulting\/\" \/>\n<meta property=\"og:locale\" content=\"en_US\" \/>\n<meta property=\"og:type\" content=\"article\" \/>\n<meta property=\"og:title\" content=\"Consulting - arbo-gmbh.com\" \/>\n<meta property=\"og:description\" content=\"[et_pb_section fb_built=&#8220;1&#8243; fullwidth=&#8220;on&#8220; _builder_version=&#8220;4.2.2&#8243; use_background_color_gradient=&#8220;on&#8220; background_color_gradient_start=&#8220;rgba(0,0,0,0)&#8220; background_color_gradient_end=&#8220;rgba(50,219,242,0.8)&#8220; background_color_gradient_direction=&#8220;167deg&#8220; background_color_gradient_overlays_image=&#8220;on&#8220; background_image=&#8220;https:\/\/arbo-gmbh.com\/wp-content\/uploads\/2021\/07\/business-people-consulting-A4272GR.jpg&#8220; bottom_divider_style=&#8220;wave&#8220; bottom_divider_color=&#8220;#ffffff&#8220; bottom_divider_height=&#8220;0px&#8220;][et_pb_fullwidth_header title=&#8220;consulting&#8220; background_overlay_color=&#8220;rgba(0,0,0,0.2)&#8220; _builder_version=&#8220;4.2.2&#8243; title_font=&#8220;Ubuntu|700||on|||||&#8220; title_font_size=&#8220;50px&#8220; content_font=&#8220;Ubuntu|300|||||||&#8220; content_font_size=&#8220;22px&#8220; background_enable_color=&#8220;off&#8220; background_enable_image=&#8220;off&#8220; custom_padding=&#8220;270px||70px||false|false&#8220; hover_enabled=&#8220;0&#8243;] F\u00fcr Dein eigenes Business. [\/et_pb_fullwidth_header][\/et_pb_section][et_pb_section fb_built=&#8220;1&#8243; _builder_version=&#8220;4.2.2&#8243;][et_pb_row column_structure=&#8220;1_2,1_2&#8243; _builder_version=&#8220;4.2.2&#8243;][et_pb_column type=&#8220;1_2&#8243; _builder_version=&#8220;4.2.2&#8243;][et_pb_text _builder_version=&#8220;4.2.2&#8243; text_font=&#8220;Ubuntu|300|||||||&#8220; text_font_size=&#8220;16px&#8220; text_line_height=&#8220;1.8em&#8220; header_2_font=&#8220;Ubuntu||||||||&#8220; header_2_font_size=&#8220;30px&#8220; background_color=&#8220;rgba(0,0,0,0)&#8220; custom_padding=&#8220;0px|0px|0px|0px|false|false&#8220; border_color_all=&#8220;#ffffff&#8220;] Coaching Ein pers\u00f6nlicher Coach ist eine der wertvollsten Investitionen, die Du [&hellip;]\" \/>\n<meta property=\"og:url\" content=\"https:\/\/arbo-gmbh.com\/en\/consulting\/\" \/>\n<meta property=\"og:site_name\" content=\"arbo-gmbh.com\" \/>\n<meta property=\"article:modified_time\" content=\"2021-07-10T10:00:17+00:00\" \/>\n<meta name=\"twitter:card\" content=\"summary_large_image\" \/>\n<meta name=\"twitter:label1\" content=\"Est. reading time\" \/>\n\t<meta name=\"twitter:data1\" content=\"3 minutes\" \/>\n<script type=\"application\/ld+json\" class=\"yoast-schema-graph\">{\"@context\":\"https:\\\/\\\/schema.org\",\"@graph\":[{\"@type\":\"WebPage\",\"@id\":\"https:\\\/\\\/arbo-gmbh.com\\\/en\\\/consulting\\\/\",\"url\":\"https:\\\/\\\/arbo-gmbh.com\\\/en\\\/consulting\\\/\",\"name\":\"Consulting - arbo-gmbh.com\",\"isPartOf\":{\"@id\":\"https:\\\/\\\/arbo-gmbh.com\\\/#website\"},\"datePublished\":\"2021-07-01T08:32:13+00:00\",\"dateModified\":\"2021-07-10T10:00:17+00:00\",\"breadcrumb\":{\"@id\":\"https:\\\/\\\/arbo-gmbh.com\\\/en\\\/consulting\\\/#breadcrumb\"},\"inLanguage\":\"en-US\",\"potentialAction\":[{\"@type\":\"ReadAction\",\"target\":[\"https:\\\/\\\/arbo-gmbh.com\\\/en\\\/consulting\\\/\"]}]},{\"@type\":\"BreadcrumbList\",\"@id\":\"https:\\\/\\\/arbo-gmbh.com\\\/en\\\/consulting\\\/#breadcrumb\",\"itemListElement\":[{\"@type\":\"ListItem\",\"position\":1,\"name\":\"Startseite\",\"item\":\"https:\\\/\\\/arbo-gmbh.com\\\/\"},{\"@type\":\"ListItem\",\"position\":2,\"name\":\"Consulting\"}]},{\"@type\":\"WebSite\",\"@id\":\"https:\\\/\\\/arbo-gmbh.com\\\/#website\",\"url\":\"https:\\\/\\\/arbo-gmbh.com\\\/\",\"name\":\"arbo-gmbh.com\",\"description\":\"Full-Service Product Development And Logistics.o\",\"potentialAction\":[{\"@type\":\"SearchAction\",\"target\":{\"@type\":\"EntryPoint\",\"urlTemplate\":\"https:\\\/\\\/arbo-gmbh.com\\\/?s={search_term_string}\"},\"query-input\":{\"@type\":\"PropertyValueSpecification\",\"valueRequired\":true,\"valueName\":\"search_term_string\"}}],\"inLanguage\":\"en-US\"}]}<\/script>\n<!-- \/ Yoast SEO plugin. -->","yoast_head_json":{"title":"Consulting - arbo-gmbh.com","robots":{"index":"index","follow":"follow","max-snippet":"max-snippet:-1","max-image-preview":"max-image-preview:large","max-video-preview":"max-video-preview:-1"},"canonical":"https:\/\/arbo-gmbh.com\/en\/consulting\/","og_locale":"en_US","og_type":"article","og_title":"Consulting - arbo-gmbh.com","og_description":"[et_pb_section fb_built=&#8220;1&#8243; fullwidth=&#8220;on&#8220; _builder_version=&#8220;4.2.2&#8243; use_background_color_gradient=&#8220;on&#8220; background_color_gradient_start=&#8220;rgba(0,0,0,0)&#8220; background_color_gradient_end=&#8220;rgba(50,219,242,0.8)&#8220; background_color_gradient_direction=&#8220;167deg&#8220; background_color_gradient_overlays_image=&#8220;on&#8220; background_image=&#8220;https:\/\/arbo-gmbh.com\/wp-content\/uploads\/2021\/07\/business-people-consulting-A4272GR.jpg&#8220; bottom_divider_style=&#8220;wave&#8220; bottom_divider_color=&#8220;#ffffff&#8220; bottom_divider_height=&#8220;0px&#8220;][et_pb_fullwidth_header title=&#8220;consulting&#8220; background_overlay_color=&#8220;rgba(0,0,0,0.2)&#8220; _builder_version=&#8220;4.2.2&#8243; title_font=&#8220;Ubuntu|700||on|||||&#8220; title_font_size=&#8220;50px&#8220; content_font=&#8220;Ubuntu|300|||||||&#8220; content_font_size=&#8220;22px&#8220; background_enable_color=&#8220;off&#8220; background_enable_image=&#8220;off&#8220; custom_padding=&#8220;270px||70px||false|false&#8220; hover_enabled=&#8220;0&#8243;] F\u00fcr Dein eigenes Business. [\/et_pb_fullwidth_header][\/et_pb_section][et_pb_section fb_built=&#8220;1&#8243; _builder_version=&#8220;4.2.2&#8243;][et_pb_row column_structure=&#8220;1_2,1_2&#8243; _builder_version=&#8220;4.2.2&#8243;][et_pb_column type=&#8220;1_2&#8243; _builder_version=&#8220;4.2.2&#8243;][et_pb_text _builder_version=&#8220;4.2.2&#8243; text_font=&#8220;Ubuntu|300|||||||&#8220; text_font_size=&#8220;16px&#8220; text_line_height=&#8220;1.8em&#8220; header_2_font=&#8220;Ubuntu||||||||&#8220; header_2_font_size=&#8220;30px&#8220; background_color=&#8220;rgba(0,0,0,0)&#8220; custom_padding=&#8220;0px|0px|0px|0px|false|false&#8220; border_color_all=&#8220;#ffffff&#8220;] Coaching Ein pers\u00f6nlicher Coach ist eine der wertvollsten Investitionen, die Du [&hellip;]","og_url":"https:\/\/arbo-gmbh.com\/en\/consulting\/","og_site_name":"arbo-gmbh.com","article_modified_time":"2021-07-10T10:00:17+00:00","twitter_card":"summary_large_image","twitter_misc":{"Est. reading time":"3 minutes"},"schema":{"@context":"https:\/\/schema.org","@graph":[{"@type":"WebPage","@id":"https:\/\/arbo-gmbh.com\/en\/consulting\/","url":"https:\/\/arbo-gmbh.com\/en\/consulting\/","name":"Consulting - arbo-gmbh.com","isPartOf":{"@id":"https:\/\/arbo-gmbh.com\/#website"},"datePublished":"2021-07-01T08:32:13+00:00","dateModified":"2021-07-10T10:00:17+00:00","breadcrumb":{"@id":"https:\/\/arbo-gmbh.com\/en\/consulting\/#breadcrumb"},"inLanguage":"en-US","potentialAction":[{"@type":"ReadAction","target":["https:\/\/arbo-gmbh.com\/en\/consulting\/"]}]},{"@type":"BreadcrumbList","@id":"https:\/\/arbo-gmbh.com\/en\/consulting\/#breadcrumb","itemListElement":[{"@type":"ListItem","position":1,"name":"Startseite","item":"https:\/\/arbo-gmbh.com\/"},{"@type":"ListItem","position":2,"name":"Consulting"}]},{"@type":"WebSite","@id":"https:\/\/arbo-gmbh.com\/#website","url":"https:\/\/arbo-gmbh.com\/","name":"arbo-gmbh.com","description":"Full-Service Product Development And Logistics.o","potentialAction":[{"@type":"SearchAction","target":{"@type":"EntryPoint","urlTemplate":"https:\/\/arbo-gmbh.com\/?s={search_term_string}"},"query-input":{"@type":"PropertyValueSpecification","valueRequired":true,"valueName":"search_term_string"}}],"inLanguage":"en-US"}]}},"_links":{"self":[{"href":"https:\/\/arbo-gmbh.com\/en\/wp-json\/wp\/v2\/pages\/32","targetHints":{"allow":["GET"]}}],"collection":[{"href":"https:\/\/arbo-gmbh.com\/en\/wp-json\/wp\/v2\/pages"}],"about":[{"href":"https:\/\/arbo-gmbh.com\/en\/wp-json\/wp\/v2\/types\/page"}],"author":[{"embeddable":true,"href":"https:\/\/arbo-gmbh.com\/en\/wp-json\/wp\/v2\/users\/2"}],"replies":[{"embeddable":true,"href":"https:\/\/arbo-gmbh.com\/en\/wp-json\/wp\/v2\/comments?post=32"}],"version-history":[{"count":10,"href":"https:\/\/arbo-gmbh.com\/en\/wp-json\/wp\/v2\/pages\/32\/revisions"}],"predecessor-version":[{"id":382,"href":"https:\/\/arbo-gmbh.com\/en\/wp-json\/wp\/v2\/pages\/32\/revisions\/382"}],"wp:attachment":[{"href":"https:\/\/arbo-gmbh.com\/en\/wp-json\/wp\/v2\/media?parent=32"}],"curies":[{"name":"wp","href":"https:\/\/api.w.org\/{rel}","templated":true}]}}