{"id":23,"date":"2021-07-01T10:32:31","date_gmt":"2021-07-01T08:32:31","guid":{"rendered":"https:\/\/arbo-gmbh.com\/?page_id=23"},"modified":"2021-07-12T09:54:50","modified_gmt":"2021-07-12T07:54:50","slug":"produktverwaltung","status":"publish","type":"page","link":"https:\/\/arbo-gmbh.com\/en\/produktverwaltung\/","title":{"rendered":"Product Management"},"content":{"rendered":"<p>[et_pb_section fb_built=&#8220;1&#8243; fullwidth=&#8220;on&#8220; _builder_version=&#8220;4.2.2&#8243; use_background_color_gradient=&#8220;on&#8220; background_color_gradient_start=&#8220;rgba(0,0,0,0.4)&#8220; background_color_gradient_end=&#8220;rgba(50,219,242,0.8)&#8220; background_color_gradient_direction=&#8220;167deg&#8220; background_color_gradient_overlays_image=&#8220;on&#8220; background_image=&#8220;https:\/\/arbo-gmbh.com\/wp-content\/uploads\/2021\/07\/BC018226-E502-4005-8107-25BB409D3EC0.jpg&#8220; bottom_divider_style=&#8220;wave&#8220; bottom_divider_color=&#8220;#ffffff&#8220; bottom_divider_height=&#8220;0px&#8220;][et_pb_fullwidth_header title=&#8220;Produktverwaltung&#8220; background_overlay_color=&#8220;rgba(0,0,0,0.2)&#8220; _builder_version=&#8220;4.2.2&#8243; title_font=&#8220;Ubuntu|700||on|||||&#8220; title_font_size=&#8220;60px&#8220; content_font=&#8220;Ubuntu|300|||||||&#8220; content_font_size=&#8220;22px&#8220; background_enable_color=&#8220;off&#8220; background_enable_image=&#8220;off&#8220; custom_padding=&#8220;270px||70px||false|false&#8220; title_font_size_tablet=&#8220;45px&#8220; title_font_size_phone=&#8220;30px&#8220; title_font_size_last_edited=&#8220;on|tablet&#8220; title_line_height_tablet=&#8220;&#8220; title_line_height_phone=&#8220;1em&#8220; title_line_height_last_edited=&#8220;on|phone&#8220; content_line_height_tablet=&#8220;&#8220; content_line_height_phone=&#8220;1.5em&#8220; content_line_height_last_edited=&#8220;on|phone&#8220;]<\/p>\n<p>Nachhaltiges Wachstum f\u00fcr langfristigen Erfolg.<\/p>\n<p>[\/et_pb_fullwidth_header][\/et_pb_section][et_pb_section fb_built=&#8220;1&#8243; _builder_version=&#8220;4.2.2&#8243;][et_pb_row column_structure=&#8220;1_2,1_2&#8243; _builder_version=&#8220;4.2.2&#8243;][et_pb_column type=&#8220;1_2&#8243; _builder_version=&#8220;4.2.2&#8243;][et_pb_text _builder_version=&#8220;4.2.2&#8243; text_font=&#8220;Ubuntu|300|||||||&#8220; text_font_size=&#8220;16px&#8220; text_line_height=&#8220;1.8em&#8220; header_2_font=&#8220;Ubuntu||||||||&#8220; header_2_font_size=&#8220;30px&#8220; background_enable_color=&#8220;off&#8220; custom_padding=&#8220;0px|0px|0px|0px|false|false&#8220; border_color_all=&#8220;rgba(0,0,0,0)&#8220;]<\/p>\n<h2>Marktplatz-Betreuung<\/h2>\n<p>Wir unterst\u00fctzen Dich bei der Einrichtung Deines Amazon-Verk\u00e4uferkontos, \u00fcberwachen deine Produkte, f\u00fchren Optimierungen durch, betreuen Deine Kunden, schalten PPC-Werbekampagnen und erstellen Reportings. So l\u00e4uft Dein Amazon-Business wie von alleine und Du konzentrierst Dich auf das Wesentliche.<\/p>\n<p>[\/et_pb_text][et_pb_divider color=&#8220;#0f0f0f&#8220; divider_weight=&#8220;2px&#8220; _builder_version=&#8220;4.2.2&#8243; width=&#8220;29%&#8220;][\/et_pb_divider][\/et_pb_column][et_pb_column type=&#8220;1_2&#8243; _builder_version=&#8220;4.2.2&#8243;][et_pb_text _builder_version=&#8220;4.2.2&#8243; text_font=&#8220;Ubuntu|300|||||||&#8220; text_font_size=&#8220;16px&#8220; text_line_height=&#8220;1.8em&#8220; header_2_font=&#8220;Ubuntu||||||||&#8220; header_2_font_size=&#8220;30px&#8220;]<\/p>\n<h2>Lagerbestandsplanung<\/h2>\n<p>Wir behalten Deinen Lagerbestand genau im Blick und wissen genau, wann Du neue Produkte ben\u00f6tigst. Rabattaktionen, saisonale Ver\u00e4nderungen oder Werbeaktionen ber\u00fccksichtigen wir in unserer Planung. So vermeidest du Lieferengp\u00e4sse und bleibst immer in Stock. Nutze daf\u00fcr unsere gro\u00dfz\u00fcgigen Lagerfl\u00e4chen als Zwischenlager.<\/p>\n<p>[\/et_pb_text][et_pb_divider color=&#8220;#0f0f0f&#8220; divider_weight=&#8220;2px&#8220; _builder_version=&#8220;4.2.2&#8243; width=&#8220;29%&#8220;][\/et_pb_divider][\/et_pb_column][\/et_pb_row][et_pb_row column_structure=&#8220;1_2,1_2&#8243; _builder_version=&#8220;4.2.2&#8243;][et_pb_column type=&#8220;1_2&#8243; _builder_version=&#8220;4.2.2&#8243;][et_pb_text _builder_version=&#8220;4.2.2&#8243; text_font=&#8220;Ubuntu|300|||||||&#8220; text_font_size=&#8220;16px&#8220; text_line_height=&#8220;1.8em&#8220; header_2_font=&#8220;Ubuntu||||||||&#8220; header_2_font_size=&#8220;30px&#8220;]<\/p>\n<h2>Reportings<\/h2>\n<p>Damit Du nicht den \u00dcberblick verlierst, erstellen wir Dir monatliche, individuelle Berichte, die genau die Informationen abbilden, die du ben\u00f6tigst. So siehst Du Deiner Marke Monat f\u00fcr Monat beim Wachsen zu &#8211; und das schwarz auf wei\u00df. Gemeinsam besprechen wir kommende Ziele und gehen diese effizient an.<\/p>\n<p>[\/et_pb_text][et_pb_divider color=&#8220;#0f0f0f&#8220; divider_weight=&#8220;2px&#8220; _builder_version=&#8220;4.2.2&#8243; width=&#8220;29%&#8220;][\/et_pb_divider][\/et_pb_column][et_pb_column type=&#8220;1_2&#8243; _builder_version=&#8220;4.2.2&#8243;][et_pb_text _builder_version=&#8220;4.2.2&#8243; text_font=&#8220;Ubuntu|300|||||||&#8220; text_font_size=&#8220;16px&#8220; text_line_height=&#8220;1.8em&#8220; header_2_font=&#8220;Ubuntu||||||||&#8220; header_2_font_size=&#8220;30px&#8220;]<\/p>\n<h2>Strategische Planung<\/h2>\n<p>Jedes Produkt bedarf einer individuellen Planung. F\u00fcr den erfolgreichen Verkauf behalten wir Deine Konkurrenz fest im Blick und passen Konzepte nach Bedarf an. F\u00fcr die Erschlie\u00dfung neuer M\u00e4rkte haben wir ein Team an Native Speakern f\u00fcr die Internationalisierung Deiner Produkte.<\/p>\n<p>[\/et_pb_text][et_pb_divider color=&#8220;#0f0f0f&#8220; divider_weight=&#8220;2px&#8220; _builder_version=&#8220;4.2.2&#8243; width=&#8220;29%&#8220;][\/et_pb_divider][\/et_pb_column][\/et_pb_row][\/et_pb_section][et_pb_section fb_built=&#8220;1&#8243; _builder_version=&#8220;4.2.2&#8243; background_color=&#8220;#0f0f0f&#8220; custom_padding=&#8220;100px||||false|false&#8220; top_divider_height=&#8220;80px&#8220;][et_pb_row _builder_version=&#8220;4.2.2&#8243;][et_pb_column type=&#8220;4_4&#8243; _builder_version=&#8220;4.2.2&#8243;][et_pb_text _builder_version=&#8220;4.2.2&#8243; text_font=&#8220;Ubuntu|300|||||||&#8220; text_text_color=&#8220;#ffffff&#8220; text_font_size=&#8220;16px&#8220; text_line_height=&#8220;1.8em&#8220; header_2_font=&#8220;Ubuntu||||||||&#8220; header_2_text_color=&#8220;#ffffff&#8220; header_2_font_size=&#8220;50px&#8220; header_2_font_size_tablet=&#8220;&#8220; header_2_font_size_phone=&#8220;35px&#8220; header_2_font_size_last_edited=&#8220;on|phone&#8220; header_2_line_height_tablet=&#8220;&#8220; header_2_line_height_phone=&#8220;1.5em&#8220; header_2_line_height_last_edited=&#8220;on|phone&#8220;]<\/p>\n<h2>Potentiale nutzen.<\/h2>\n<p><b>Untersch\u00e4tze nicht die M\u00f6glichkeiten, die der E-Commerce f\u00fcr Dich bereit h\u00e4lt.\u00a0<\/b><\/p>\n<p>Mit Hilfe unserer professionellen Betreuung unterst\u00fctzen wir Dich, das Maximum aus Deinen Produkten herauszuholen. Perfekt optimiert und auf allen Marktpl\u00e4tzen dargestellt. Profitiere dabei von unserem Know-How, unserem breiten Netzwerk und der jahrelangen Erfahrung.<\/p>\n<p>[\/et_pb_text][et_pb_divider color=&#8220;#ffffff&#8220; divider_weight=&#8220;2px&#8220; _builder_version=&#8220;4.2.2&#8243; width=&#8220;14%&#8220;][\/et_pb_divider][\/et_pb_column][\/et_pb_row][\/et_pb_section][et_pb_section fb_built=&#8220;1&#8243; _builder_version=&#8220;4.2.2&#8243; use_background_color_gradient=&#8220;on&#8220; background_color_gradient_start=&#8220;#32dbf2&#8243; background_color_gradient_end=&#8220;#16bfff&#8220; background_color_gradient_direction=&#8220;167deg&#8220; custom_padding=&#8220;100px||||false|false&#8220; filter_saturate=&#8220;90%&#8220; top_divider_height=&#8220;80px&#8220;][et_pb_row column_structure=&#8220;1_2,1_2&#8243; _builder_version=&#8220;4.2.2&#8243;][et_pb_column type=&#8220;1_2&#8243; _builder_version=&#8220;4.2.2&#8243;][et_pb_text _builder_version=&#8220;4.2.2&#8243; text_font=&#8220;Ubuntu|300|||||||&#8220; text_text_color=&#8220;#ffffff&#8220; text_font_size=&#8220;16px&#8220; text_line_height=&#8220;1.8em&#8220; header_2_font=&#8220;Ubuntu||||||||&#8220; header_2_text_color=&#8220;#ffffff&#8220; header_2_font_size=&#8220;35px&#8220;]<\/p>\n<h2>Dein Erfolg startet heute!<\/h2>\n<p>Kontaktiere uns und gemeinsam finden wir eine L\u00f6sung f\u00fcr dein individuelles Vorhaben.\u00a0<\/p>\n<p>[\/et_pb_text][et_pb_button button_url=&#8220;https:\/\/arbo-gmbh.com\/kontakt\/&#8220; button_text=&#8220;Jetzt loslegen&#8220; _builder_version=&#8220;4.2.2&#8243; custom_button=&#8220;on&#8220; button_text_color=&#8220;#16bfff&#8220; button_bg_color=&#8220;#ffffff&#8220; button_border_width=&#8220;0px&#8220; button_border_radius=&#8220;5px&#8220; button_font=&#8220;Ubuntu||||||||&#8220;][\/et_pb_button][\/et_pb_column][et_pb_column type=&#8220;1_2&#8243; _builder_version=&#8220;4.2.2&#8243;][et_pb_image src=&#8220;https:\/\/arbo-gmbh.com\/wp-content\/uploads\/2021\/07\/pov-of-female-holding-smartphone-with-blank-screen-N9W77KR-1024&#215;971-1.png&#8220; _builder_version=&#8220;4.2.2&#8243; custom_margin=&#8220;-80px||-80px||false|false&#8220;][\/et_pb_image][\/et_pb_column][\/et_pb_row][\/et_pb_section]<\/p>\n","protected":false},"excerpt":{"rendered":"<p>[et_pb_section fb_built=&#8220;1&#8243; fullwidth=&#8220;on&#8220; _builder_version=&#8220;4.2.2&#8243; use_background_color_gradient=&#8220;on&#8220; background_color_gradient_start=&#8220;rgba(0,0,0,0.4)&#8220; background_color_gradient_end=&#8220;rgba(50,219,242,0.8)&#8220; background_color_gradient_direction=&#8220;167deg&#8220; background_color_gradient_overlays_image=&#8220;on&#8220; background_image=&#8220;https:\/\/arbo-gmbh.com\/wp-content\/uploads\/2021\/07\/BC018226-E502-4005-8107-25BB409D3EC0.jpg&#8220; bottom_divider_style=&#8220;wave&#8220; bottom_divider_color=&#8220;#ffffff&#8220; bottom_divider_height=&#8220;0px&#8220;][et_pb_fullwidth_header title=&#8220;Produktverwaltung&#8220; background_overlay_color=&#8220;rgba(0,0,0,0.2)&#8220; _builder_version=&#8220;4.2.2&#8243; title_font=&#8220;Ubuntu|700||on|||||&#8220; title_font_size=&#8220;60px&#8220; content_font=&#8220;Ubuntu|300|||||||&#8220; content_font_size=&#8220;22px&#8220; background_enable_color=&#8220;off&#8220; background_enable_image=&#8220;off&#8220; custom_padding=&#8220;270px||70px||false|false&#8220; title_font_size_tablet=&#8220;45px&#8220; title_font_size_phone=&#8220;30px&#8220; title_font_size_last_edited=&#8220;on|tablet&#8220; title_line_height_tablet=&#8220;&#8220; title_line_height_phone=&#8220;1em&#8220; title_line_height_last_edited=&#8220;on|phone&#8220; content_line_height_tablet=&#8220;&#8220; content_line_height_phone=&#8220;1.5em&#8220; content_line_height_last_edited=&#8220;on|phone&#8220;] Nachhaltiges Wachstum f\u00fcr langfristigen Erfolg. [\/et_pb_fullwidth_header][\/et_pb_section][et_pb_section fb_built=&#8220;1&#8243; _builder_version=&#8220;4.2.2&#8243;][et_pb_row column_structure=&#8220;1_2,1_2&#8243; _builder_version=&#8220;4.2.2&#8243;][et_pb_column type=&#8220;1_2&#8243; _builder_version=&#8220;4.2.2&#8243;][et_pb_text _builder_version=&#8220;4.2.2&#8243; text_font=&#8220;Ubuntu|300|||||||&#8220; text_font_size=&#8220;16px&#8220; text_line_height=&#8220;1.8em&#8220; header_2_font=&#8220;Ubuntu||||||||&#8220; header_2_font_size=&#8220;30px&#8220; background_enable_color=&#8220;off&#8220; custom_padding=&#8220;0px|0px|0px|0px|false|false&#8220; border_color_all=&#8220;rgba(0,0,0,0)&#8220;] Marktplatz-Betreuung Wir [&hellip;]<\/p>\n","protected":false},"author":2,"featured_media":0,"parent":0,"menu_order":0,"comment_status":"closed","ping_status":"closed","template":"","meta":{"_et_pb_use_builder":"on","_et_pb_old_content":"","_et_gb_content_width":"","footnotes":""},"class_list":["post-23","page","type-page","status-publish","hentry"],"yoast_head":"<!-- This site is optimized with the Yoast SEO plugin v27.5 - https:\/\/yoast.com\/product\/yoast-seo-wordpress\/ -->\n<title>Produktverwaltung - arbo-gmbh.com<\/title>\n<meta name=\"robots\" content=\"index, follow, max-snippet:-1, max-image-preview:large, max-video-preview:-1\" \/>\n<link rel=\"canonical\" href=\"https:\/\/arbo-gmbh.com\/en\/produktverwaltung\/\" \/>\n<meta property=\"og:locale\" content=\"en_US\" \/>\n<meta property=\"og:type\" content=\"article\" \/>\n<meta property=\"og:title\" content=\"Produktverwaltung - arbo-gmbh.com\" \/>\n<meta property=\"og:description\" content=\"[et_pb_section fb_built=&#8220;1&#8243; fullwidth=&#8220;on&#8220; _builder_version=&#8220;4.2.2&#8243; use_background_color_gradient=&#8220;on&#8220; background_color_gradient_start=&#8220;rgba(0,0,0,0.4)&#8220; background_color_gradient_end=&#8220;rgba(50,219,242,0.8)&#8220; background_color_gradient_direction=&#8220;167deg&#8220; background_color_gradient_overlays_image=&#8220;on&#8220; background_image=&#8220;https:\/\/arbo-gmbh.com\/wp-content\/uploads\/2021\/07\/BC018226-E502-4005-8107-25BB409D3EC0.jpg&#8220; bottom_divider_style=&#8220;wave&#8220; bottom_divider_color=&#8220;#ffffff&#8220; bottom_divider_height=&#8220;0px&#8220;][et_pb_fullwidth_header title=&#8220;Produktverwaltung&#8220; background_overlay_color=&#8220;rgba(0,0,0,0.2)&#8220; _builder_version=&#8220;4.2.2&#8243; title_font=&#8220;Ubuntu|700||on|||||&#8220; title_font_size=&#8220;60px&#8220; content_font=&#8220;Ubuntu|300|||||||&#8220; content_font_size=&#8220;22px&#8220; background_enable_color=&#8220;off&#8220; background_enable_image=&#8220;off&#8220; custom_padding=&#8220;270px||70px||false|false&#8220; title_font_size_tablet=&#8220;45px&#8220; title_font_size_phone=&#8220;30px&#8220; title_font_size_last_edited=&#8220;on|tablet&#8220; title_line_height_tablet=&#8220;&#8220; title_line_height_phone=&#8220;1em&#8220; title_line_height_last_edited=&#8220;on|phone&#8220; content_line_height_tablet=&#8220;&#8220; content_line_height_phone=&#8220;1.5em&#8220; content_line_height_last_edited=&#8220;on|phone&#8220;] Nachhaltiges Wachstum f\u00fcr langfristigen Erfolg. [\/et_pb_fullwidth_header][\/et_pb_section][et_pb_section fb_built=&#8220;1&#8243; _builder_version=&#8220;4.2.2&#8243;][et_pb_row column_structure=&#8220;1_2,1_2&#8243; _builder_version=&#8220;4.2.2&#8243;][et_pb_column type=&#8220;1_2&#8243; _builder_version=&#8220;4.2.2&#8243;][et_pb_text _builder_version=&#8220;4.2.2&#8243; text_font=&#8220;Ubuntu|300|||||||&#8220; text_font_size=&#8220;16px&#8220; text_line_height=&#8220;1.8em&#8220; header_2_font=&#8220;Ubuntu||||||||&#8220; header_2_font_size=&#8220;30px&#8220; background_enable_color=&#8220;off&#8220; custom_padding=&#8220;0px|0px|0px|0px|false|false&#8220; border_color_all=&#8220;rgba(0,0,0,0)&#8220;] Marktplatz-Betreuung Wir [&hellip;]\" \/>\n<meta property=\"og:url\" content=\"https:\/\/arbo-gmbh.com\/en\/produktverwaltung\/\" \/>\n<meta property=\"og:site_name\" content=\"arbo-gmbh.com\" \/>\n<meta property=\"article:modified_time\" content=\"2021-07-12T07:54:50+00:00\" \/>\n<meta name=\"twitter:card\" content=\"summary_large_image\" \/>\n<meta name=\"twitter:label1\" content=\"Est. reading time\" \/>\n\t<meta name=\"twitter:data1\" content=\"5 minutes\" \/>\n<script type=\"application\/ld+json\" class=\"yoast-schema-graph\">{\"@context\":\"https:\\\/\\\/schema.org\",\"@graph\":[{\"@type\":\"WebPage\",\"@id\":\"https:\\\/\\\/arbo-gmbh.com\\\/produktverwaltung\\\/\",\"url\":\"https:\\\/\\\/arbo-gmbh.com\\\/produktverwaltung\\\/\",\"name\":\"Produktverwaltung - arbo-gmbh.com\",\"isPartOf\":{\"@id\":\"https:\\\/\\\/arbo-gmbh.com\\\/#website\"},\"datePublished\":\"2021-07-01T08:32:31+00:00\",\"dateModified\":\"2021-07-12T07:54:50+00:00\",\"breadcrumb\":{\"@id\":\"https:\\\/\\\/arbo-gmbh.com\\\/produktverwaltung\\\/#breadcrumb\"},\"inLanguage\":\"en-US\",\"potentialAction\":[{\"@type\":\"ReadAction\",\"target\":[\"https:\\\/\\\/arbo-gmbh.com\\\/produktverwaltung\\\/\"]}]},{\"@type\":\"BreadcrumbList\",\"@id\":\"https:\\\/\\\/arbo-gmbh.com\\\/produktverwaltung\\\/#breadcrumb\",\"itemListElement\":[{\"@type\":\"ListItem\",\"position\":1,\"name\":\"Startseite\",\"item\":\"https:\\\/\\\/arbo-gmbh.com\\\/\"},{\"@type\":\"ListItem\",\"position\":2,\"name\":\"Produktverwaltung\"}]},{\"@type\":\"WebSite\",\"@id\":\"https:\\\/\\\/arbo-gmbh.com\\\/#website\",\"url\":\"https:\\\/\\\/arbo-gmbh.com\\\/\",\"name\":\"arbo-gmbh.com\",\"description\":\"Full-Service Product Development And Logistics.o\",\"potentialAction\":[{\"@type\":\"SearchAction\",\"target\":{\"@type\":\"EntryPoint\",\"urlTemplate\":\"https:\\\/\\\/arbo-gmbh.com\\\/?s={search_term_string}\"},\"query-input\":{\"@type\":\"PropertyValueSpecification\",\"valueRequired\":true,\"valueName\":\"search_term_string\"}}],\"inLanguage\":\"en-US\"}]}<\/script>\n<!-- \/ Yoast SEO plugin. -->","yoast_head_json":{"title":"Produktverwaltung - arbo-gmbh.com","robots":{"index":"index","follow":"follow","max-snippet":"max-snippet:-1","max-image-preview":"max-image-preview:large","max-video-preview":"max-video-preview:-1"},"canonical":"https:\/\/arbo-gmbh.com\/en\/produktverwaltung\/","og_locale":"en_US","og_type":"article","og_title":"Produktverwaltung - arbo-gmbh.com","og_description":"[et_pb_section fb_built=&#8220;1&#8243; fullwidth=&#8220;on&#8220; _builder_version=&#8220;4.2.2&#8243; use_background_color_gradient=&#8220;on&#8220; background_color_gradient_start=&#8220;rgba(0,0,0,0.4)&#8220; background_color_gradient_end=&#8220;rgba(50,219,242,0.8)&#8220; background_color_gradient_direction=&#8220;167deg&#8220; background_color_gradient_overlays_image=&#8220;on&#8220; background_image=&#8220;https:\/\/arbo-gmbh.com\/wp-content\/uploads\/2021\/07\/BC018226-E502-4005-8107-25BB409D3EC0.jpg&#8220; bottom_divider_style=&#8220;wave&#8220; bottom_divider_color=&#8220;#ffffff&#8220; bottom_divider_height=&#8220;0px&#8220;][et_pb_fullwidth_header title=&#8220;Produktverwaltung&#8220; background_overlay_color=&#8220;rgba(0,0,0,0.2)&#8220; _builder_version=&#8220;4.2.2&#8243; title_font=&#8220;Ubuntu|700||on|||||&#8220; title_font_size=&#8220;60px&#8220; content_font=&#8220;Ubuntu|300|||||||&#8220; content_font_size=&#8220;22px&#8220; background_enable_color=&#8220;off&#8220; background_enable_image=&#8220;off&#8220; custom_padding=&#8220;270px||70px||false|false&#8220; title_font_size_tablet=&#8220;45px&#8220; title_font_size_phone=&#8220;30px&#8220; title_font_size_last_edited=&#8220;on|tablet&#8220; title_line_height_tablet=&#8220;&#8220; title_line_height_phone=&#8220;1em&#8220; title_line_height_last_edited=&#8220;on|phone&#8220; content_line_height_tablet=&#8220;&#8220; content_line_height_phone=&#8220;1.5em&#8220; content_line_height_last_edited=&#8220;on|phone&#8220;] Nachhaltiges Wachstum f\u00fcr langfristigen Erfolg. [\/et_pb_fullwidth_header][\/et_pb_section][et_pb_section fb_built=&#8220;1&#8243; _builder_version=&#8220;4.2.2&#8243;][et_pb_row column_structure=&#8220;1_2,1_2&#8243; _builder_version=&#8220;4.2.2&#8243;][et_pb_column type=&#8220;1_2&#8243; _builder_version=&#8220;4.2.2&#8243;][et_pb_text _builder_version=&#8220;4.2.2&#8243; text_font=&#8220;Ubuntu|300|||||||&#8220; text_font_size=&#8220;16px&#8220; text_line_height=&#8220;1.8em&#8220; header_2_font=&#8220;Ubuntu||||||||&#8220; header_2_font_size=&#8220;30px&#8220; background_enable_color=&#8220;off&#8220; custom_padding=&#8220;0px|0px|0px|0px|false|false&#8220; border_color_all=&#8220;rgba(0,0,0,0)&#8220;] Marktplatz-Betreuung Wir [&hellip;]","og_url":"https:\/\/arbo-gmbh.com\/en\/produktverwaltung\/","og_site_name":"arbo-gmbh.com","article_modified_time":"2021-07-12T07:54:50+00:00","twitter_card":"summary_large_image","twitter_misc":{"Est. reading time":"5 minutes"},"schema":{"@context":"https:\/\/schema.org","@graph":[{"@type":"WebPage","@id":"https:\/\/arbo-gmbh.com\/produktverwaltung\/","url":"https:\/\/arbo-gmbh.com\/produktverwaltung\/","name":"Produktverwaltung - arbo-gmbh.com","isPartOf":{"@id":"https:\/\/arbo-gmbh.com\/#website"},"datePublished":"2021-07-01T08:32:31+00:00","dateModified":"2021-07-12T07:54:50+00:00","breadcrumb":{"@id":"https:\/\/arbo-gmbh.com\/produktverwaltung\/#breadcrumb"},"inLanguage":"en-US","potentialAction":[{"@type":"ReadAction","target":["https:\/\/arbo-gmbh.com\/produktverwaltung\/"]}]},{"@type":"BreadcrumbList","@id":"https:\/\/arbo-gmbh.com\/produktverwaltung\/#breadcrumb","itemListElement":[{"@type":"ListItem","position":1,"name":"Startseite","item":"https:\/\/arbo-gmbh.com\/"},{"@type":"ListItem","position":2,"name":"Produktverwaltung"}]},{"@type":"WebSite","@id":"https:\/\/arbo-gmbh.com\/#website","url":"https:\/\/arbo-gmbh.com\/","name":"arbo-gmbh.com","description":"Full-Service Product Development And Logistics.o","potentialAction":[{"@type":"SearchAction","target":{"@type":"EntryPoint","urlTemplate":"https:\/\/arbo-gmbh.com\/?s={search_term_string}"},"query-input":{"@type":"PropertyValueSpecification","valueRequired":true,"valueName":"search_term_string"}}],"inLanguage":"en-US"}]}},"_links":{"self":[{"href":"https:\/\/arbo-gmbh.com\/en\/wp-json\/wp\/v2\/pages\/23","targetHints":{"allow":["GET"]}}],"collection":[{"href":"https:\/\/arbo-gmbh.com\/en\/wp-json\/wp\/v2\/pages"}],"about":[{"href":"https:\/\/arbo-gmbh.com\/en\/wp-json\/wp\/v2\/types\/page"}],"author":[{"embeddable":true,"href":"https:\/\/arbo-gmbh.com\/en\/wp-json\/wp\/v2\/users\/2"}],"replies":[{"embeddable":true,"href":"https:\/\/arbo-gmbh.com\/en\/wp-json\/wp\/v2\/comments?post=23"}],"version-history":[{"count":9,"href":"https:\/\/arbo-gmbh.com\/en\/wp-json\/wp\/v2\/pages\/23\/revisions"}],"predecessor-version":[{"id":399,"href":"https:\/\/arbo-gmbh.com\/en\/wp-json\/wp\/v2\/pages\/23\/revisions\/399"}],"wp:attachment":[{"href":"https:\/\/arbo-gmbh.com\/en\/wp-json\/wp\/v2\/media?parent=23"}],"curies":[{"name":"wp","href":"https:\/\/api.w.org\/{rel}","templated":true}]}}