{"id":20,"date":"2021-07-01T10:32:20","date_gmt":"2021-07-01T08:32:20","guid":{"rendered":"https:\/\/arbo-gmbh.com\/?page_id=20"},"modified":"2021-07-12T15:25:17","modified_gmt":"2021-07-12T13:25:17","slug":"produktentwicklung","status":"publish","type":"page","link":"https:\/\/arbo-gmbh.com\/en\/produktentwicklung\/","title":{"rendered":"Product Development"},"content":{"rendered":"<p>[et_pb_section fb_built=&#8220;1&#8243; fullwidth=&#8220;on&#8220; _builder_version=&#8220;4.2.2&#8243; use_background_color_gradient=&#8220;on&#8220; background_color_gradient_start=&#8220;rgba(0,0,0,0)&#8220; background_color_gradient_end=&#8220;rgba(50,219,242,0.8)&#8220; background_color_gradient_direction=&#8220;167deg&#8220; background_color_gradient_overlays_image=&#8220;on&#8220; background_image=&#8220;https:\/\/arbo-gmbh.com\/wp-content\/uploads\/2021\/07\/team-working-development-of-programming-and-encryp-UM9DA5M-scaled.jpg&#8220; bottom_divider_style=&#8220;wave&#8220; bottom_divider_color=&#8220;#ffffff&#8220; bottom_divider_height=&#8220;0px&#8220;][et_pb_fullwidth_header title=&#8220;Produktentwicklung&#8220; background_overlay_color=&#8220;rgba(0,0,0,0.2)&#8220; _builder_version=&#8220;4.2.2&#8243; title_font=&#8220;Ubuntu|700||on|||||&#8220; title_font_size=&#8220;60px&#8220; content_font=&#8220;Ubuntu|300|||||||&#8220; content_font_size=&#8220;22px&#8220; background_enable_color=&#8220;off&#8220; background_enable_image=&#8220;off&#8220; custom_padding=&#8220;270px||70px||false|false&#8220; title_font_size_tablet=&#8220;45px&#8220; title_font_size_phone=&#8220;30px&#8220; title_font_size_last_edited=&#8220;on|tablet&#8220; content_line_height_tablet=&#8220;&#8220; content_line_height_phone=&#8220;1.4em&#8220; content_line_height_last_edited=&#8220;on|phone&#8220;]<\/p>\n<p>Von der Idee bis zum fertigen Produkt in deinen H\u00e4nden.<\/p>\n<p>[\/et_pb_fullwidth_header][\/et_pb_section][et_pb_section fb_built=&#8220;1&#8243; _builder_version=&#8220;4.2.2&#8243;][et_pb_row column_structure=&#8220;1_2,1_2&#8243; _builder_version=&#8220;4.2.2&#8243;][et_pb_column type=&#8220;1_2&#8243; _builder_version=&#8220;4.2.2&#8243;][et_pb_text _builder_version=&#8220;4.2.2&#8243; text_font=&#8220;Ubuntu|300|||||||&#8220; text_font_size=&#8220;16px&#8220; text_line_height=&#8220;1.8em&#8220; header_2_font=&#8220;Ubuntu||||||||&#8220; header_2_font_size=&#8220;30px&#8220; background_color=&#8220;rgba(0,0,0,0)&#8220; custom_padding=&#8220;0px|0px|0px|0px|false|false&#8220; border_color_all=&#8220;#ffffff&#8220;]<\/p>\n<h2>Produktrecherche<\/h2>\n<p>Bei jeder Produktidee gibt es diverse kalkulatorische und qualitative Faktoren zu beachten. Wir beurteilen den Markt, analysieren Deine Konkurrenz und bewerten anhand marktkennzahlenbezogener Daten Dein Produkt. So entwicklen wir gemeinsam mit Dir Strategien, wie Dein Produkt erfolgreich in den bestehenden Markt integriert wird.<\/p>\n<p>[\/et_pb_text][et_pb_divider color=&#8220;#0f0f0f&#8220; divider_weight=&#8220;2px&#8220; _builder_version=&#8220;4.2.2&#8243; width=&#8220;28%&#8220;][\/et_pb_divider][\/et_pb_column][et_pb_column type=&#8220;1_2&#8243; _builder_version=&#8220;4.2.2&#8243;][et_pb_text _builder_version=&#8220;4.2.2&#8243; text_font=&#8220;Ubuntu|300|||||||&#8220; text_font_size=&#8220;16px&#8220; text_line_height=&#8220;1.8em&#8220; header_2_font=&#8220;Ubuntu||||||||&#8220; header_2_font_size=&#8220;30px&#8220;]<\/p>\n<h2>Herstellersuche<\/h2>\n<p>Um ein Produkt unter Ber\u00fccksichtigung individueller USP&#8217;s und dem optimalen Preis herstellen zu lassen, bedarf es ein breites Netzwerk zu Herstellern und ein gewisses Verhandlungsgeschick. Wir suchen nicht \u00fcber Alibaba, sondern durchforsten den Markt Hand in Hand mit unseren Agenten in Asien und Europa.<\/p>\n<p>[\/et_pb_text][et_pb_divider color=&#8220;#0f0f0f&#8220; divider_weight=&#8220;2px&#8220; _builder_version=&#8220;4.2.2&#8243; width=&#8220;28%&#8220;][\/et_pb_divider][\/et_pb_column][\/et_pb_row][et_pb_row column_structure=&#8220;1_2,1_2&#8243; _builder_version=&#8220;4.2.2&#8243;][et_pb_column type=&#8220;1_2&#8243; _builder_version=&#8220;4.2.2&#8243;][et_pb_text _builder_version=&#8220;4.2.2&#8243; text_font=&#8220;Ubuntu|300|||||||&#8220; text_font_size=&#8220;16px&#8220; text_line_height=&#8220;1.8em&#8220; header_2_font=&#8220;Ubuntu||||||||&#8220; header_2_font_size=&#8220;30px&#8220;]<\/p>\n<h2>Produktdesign<\/h2>\n<p>Bevor es an die Bestellung Deiner Produkte geht, analysieren wir den Markt und wissen haargenau, worauf es deiner K\u00e4uferschaft ankommt. Diesen Vorteil nutzen wir im Produktdesign und kreieren Produkte, die \u00fcberzeugen. Sei es in der Funktionalit\u00e4t, einer informativen und emotionalen Produktdarstellung, oder dem Verpackungsdesign.<\/p>\n<p>[\/et_pb_text][et_pb_divider color=&#8220;#0f0f0f&#8220; divider_weight=&#8220;2px&#8220; _builder_version=&#8220;4.2.2&#8243; width=&#8220;28%&#8220;][\/et_pb_divider][\/et_pb_column][et_pb_column type=&#8220;1_2&#8243; _builder_version=&#8220;4.2.2&#8243;][et_pb_text _builder_version=&#8220;4.2.2&#8243; text_font=&#8220;Ubuntu|300|||||||&#8220; text_font_size=&#8220;16px&#8220; text_line_height=&#8220;1.8em&#8220; header_2_font=&#8220;Ubuntu||||||||&#8220; header_2_font_size=&#8220;30px&#8220;]<\/p>\n<h2>Produktdarstellung<\/h2>\n<p><span>Der erste Eindruck z\u00e4hlt. Um Deine zuk\u00fcnftigen Kunden auf Amazon, Ebay, oder dem eigenen Online-Shop richtig erreichen zu k\u00f6nnen, bedarf es einer detailreichen und emotionalen Darstellung Deiner Produkte. Dazu z\u00e4hlen Produktbilder, ein Produktvideo und eine informative Produktbeschreibung. So erreichst Du eine Verbindung.<\/span><\/p>\n<p>[\/et_pb_text][et_pb_divider color=&#8220;#0f0f0f&#8220; divider_weight=&#8220;2px&#8220; _builder_version=&#8220;4.2.2&#8243; width=&#8220;28%&#8220;][\/et_pb_divider][\/et_pb_column][\/et_pb_row][\/et_pb_section][et_pb_section fb_built=&#8220;1&#8243; _builder_version=&#8220;4.2.2&#8243; background_color=&#8220;#0f0f0f&#8220; custom_padding=&#8220;100px||||false|false&#8220; top_divider_height=&#8220;80px&#8220;][et_pb_row _builder_version=&#8220;4.2.2&#8243;][et_pb_column type=&#8220;4_4&#8243; _builder_version=&#8220;4.2.2&#8243;][et_pb_text _builder_version=&#8220;4.2.2&#8243; text_font=&#8220;Ubuntu|300|||||||&#8220; text_text_color=&#8220;#ffffff&#8220; text_font_size=&#8220;16px&#8220; text_line_height=&#8220;1.8em&#8220; header_2_font=&#8220;Ubuntu||||||||&#8220; header_2_text_color=&#8220;#ffffff&#8220; header_2_font_size=&#8220;50px&#8220;]<\/p>\n<h2>Branding<\/h2>\n<p><strong>Ein Gef\u00fchl, das beim Anblick deiner Marke ausgel\u00f6st wird &#8211; wir unterst\u00fctzen dich dabei!<\/strong><\/p>\n<p><span>Von der Skizze zum fertigen Produkt. Beginnend beim Logo, den Schriftarten, einer individuellen Farbgebung und grafischen Stilelementen f\u00fcr digitale &amp; analoge Anwendungen schaffen wir Dein zielorientiertes Erscheinungsbild in der Welt. Ob Corporate Design, Webseite, eigener Online-Shop oder die professionelle Darstellung auf Marktpl\u00e4tzen wie Amazon oder eBay. Wer \u00fcber sein Ziel hinaus wachsen m\u00f6chte, muss Impulse setzen. Impulse, die in Deinen Kunden ein Gef\u00fchl zum Handeln hervorrufen und Deine Marke nachhaltig wachsen lassen.<\/span><\/p>\n<p>[\/et_pb_text][et_pb_divider color=&#8220;#ffffff&#8220; divider_weight=&#8220;2px&#8220; _builder_version=&#8220;4.2.2&#8243; width=&#8220;14%&#8220;][\/et_pb_divider][\/et_pb_column][\/et_pb_row][\/et_pb_section][et_pb_section fb_built=&#8220;1&#8243; _builder_version=&#8220;4.2.2&#8243; use_background_color_gradient=&#8220;on&#8220; background_color_gradient_start=&#8220;#32dbf2&#8243; background_color_gradient_end=&#8220;#16bfff&#8220; background_color_gradient_direction=&#8220;167deg&#8220; custom_padding=&#8220;100px||||false|false&#8220; filter_saturate=&#8220;90%&#8220; top_divider_height=&#8220;80px&#8220;][et_pb_row column_structure=&#8220;1_2,1_2&#8243; _builder_version=&#8220;4.2.2&#8243;][et_pb_column type=&#8220;1_2&#8243; _builder_version=&#8220;4.2.2&#8243;][et_pb_text _builder_version=&#8220;4.2.2&#8243; text_font=&#8220;Ubuntu|300|||||||&#8220; text_text_color=&#8220;#ffffff&#8220; text_font_size=&#8220;16px&#8220; text_line_height=&#8220;1.8em&#8220; header_2_font=&#8220;Ubuntu||||||||&#8220; header_2_text_color=&#8220;#ffffff&#8220; header_2_font_size=&#8220;35px&#8220;]<\/p>\n<h2>Dein Erfolg startet heute!<\/h2>\n<p>Kontaktiere uns und gemeinsam finden wir eine L\u00f6sung f\u00fcr dein individuelles Vorhaben.\u00a0<\/p>\n<p>[\/et_pb_text][et_pb_button button_url=&#8220;https:\/\/arbo-gmbh.com\/kontakt\/&#8220; button_text=&#8220;Jetzt loslegen&#8220; _builder_version=&#8220;4.2.2&#8243; custom_button=&#8220;on&#8220; button_text_color=&#8220;#16bfff&#8220; button_bg_color=&#8220;#ffffff&#8220; button_border_width=&#8220;0px&#8220; button_border_radius=&#8220;5px&#8220; button_font=&#8220;Ubuntu||||||||&#8220; hover_enabled=&#8220;0&#8243;][\/et_pb_button][\/et_pb_column][et_pb_column type=&#8220;1_2&#8243; _builder_version=&#8220;4.2.2&#8243;][et_pb_image src=&#8220;https:\/\/arbo-gmbh.com\/wp-content\/uploads\/2021\/07\/pov-of-female-holding-smartphone-with-blank-screen-N9W77KR-1024&#215;971-1.png&#8220; _builder_version=&#8220;4.2.2&#8243; custom_margin=&#8220;-70px||-80px||false|false&#8220;][\/et_pb_image][\/et_pb_column][\/et_pb_row][\/et_pb_section]<\/p>\n","protected":false},"excerpt":{"rendered":"<p>[et_pb_section fb_built=&#8220;1&#8243; fullwidth=&#8220;on&#8220; _builder_version=&#8220;4.2.2&#8243; use_background_color_gradient=&#8220;on&#8220; background_color_gradient_start=&#8220;rgba(0,0,0,0)&#8220; background_color_gradient_end=&#8220;rgba(50,219,242,0.8)&#8220; background_color_gradient_direction=&#8220;167deg&#8220; background_color_gradient_overlays_image=&#8220;on&#8220; background_image=&#8220;https:\/\/arbo-gmbh.com\/wp-content\/uploads\/2021\/07\/team-working-development-of-programming-and-encryp-UM9DA5M-scaled.jpg&#8220; bottom_divider_style=&#8220;wave&#8220; bottom_divider_color=&#8220;#ffffff&#8220; bottom_divider_height=&#8220;0px&#8220;][et_pb_fullwidth_header title=&#8220;Produktentwicklung&#8220; background_overlay_color=&#8220;rgba(0,0,0,0.2)&#8220; _builder_version=&#8220;4.2.2&#8243; title_font=&#8220;Ubuntu|700||on|||||&#8220; title_font_size=&#8220;60px&#8220; content_font=&#8220;Ubuntu|300|||||||&#8220; content_font_size=&#8220;22px&#8220; background_enable_color=&#8220;off&#8220; background_enable_image=&#8220;off&#8220; custom_padding=&#8220;270px||70px||false|false&#8220; title_font_size_tablet=&#8220;45px&#8220; title_font_size_phone=&#8220;30px&#8220; title_font_size_last_edited=&#8220;on|tablet&#8220; content_line_height_tablet=&#8220;&#8220; content_line_height_phone=&#8220;1.4em&#8220; content_line_height_last_edited=&#8220;on|phone&#8220;] Von der Idee bis zum fertigen Produkt in deinen H\u00e4nden. [\/et_pb_fullwidth_header][\/et_pb_section][et_pb_section fb_built=&#8220;1&#8243; _builder_version=&#8220;4.2.2&#8243;][et_pb_row column_structure=&#8220;1_2,1_2&#8243; _builder_version=&#8220;4.2.2&#8243;][et_pb_column type=&#8220;1_2&#8243; _builder_version=&#8220;4.2.2&#8243;][et_pb_text _builder_version=&#8220;4.2.2&#8243; text_font=&#8220;Ubuntu|300|||||||&#8220; text_font_size=&#8220;16px&#8220; text_line_height=&#8220;1.8em&#8220; header_2_font=&#8220;Ubuntu||||||||&#8220; header_2_font_size=&#8220;30px&#8220; background_color=&#8220;rgba(0,0,0,0)&#8220; custom_padding=&#8220;0px|0px|0px|0px|false|false&#8220; border_color_all=&#8220;#ffffff&#8220;] [&hellip;]<\/p>\n","protected":false},"author":2,"featured_media":0,"parent":0,"menu_order":0,"comment_status":"closed","ping_status":"closed","template":"","meta":{"_et_pb_use_builder":"on","_et_pb_old_content":"","_et_gb_content_width":"","footnotes":""},"class_list":["post-20","page","type-page","status-publish","hentry"],"yoast_head":"<!-- This site is optimized with the Yoast SEO plugin v27.6 - https:\/\/yoast.com\/product\/yoast-seo-wordpress\/ -->\n<title>Produktentwicklung - arbo-gmbh.com<\/title>\n<meta name=\"robots\" content=\"index, follow, max-snippet:-1, max-image-preview:large, max-video-preview:-1\" \/>\n<link rel=\"canonical\" href=\"https:\/\/arbo-gmbh.com\/en\/produktentwicklung\/\" \/>\n<meta property=\"og:locale\" content=\"en_US\" \/>\n<meta property=\"og:type\" content=\"article\" \/>\n<meta property=\"og:title\" content=\"Produktentwicklung - arbo-gmbh.com\" \/>\n<meta property=\"og:description\" content=\"[et_pb_section fb_built=&#8220;1&#8243; fullwidth=&#8220;on&#8220; _builder_version=&#8220;4.2.2&#8243; use_background_color_gradient=&#8220;on&#8220; background_color_gradient_start=&#8220;rgba(0,0,0,0)&#8220; background_color_gradient_end=&#8220;rgba(50,219,242,0.8)&#8220; background_color_gradient_direction=&#8220;167deg&#8220; background_color_gradient_overlays_image=&#8220;on&#8220; background_image=&#8220;https:\/\/arbo-gmbh.com\/wp-content\/uploads\/2021\/07\/team-working-development-of-programming-and-encryp-UM9DA5M-scaled.jpg&#8220; bottom_divider_style=&#8220;wave&#8220; bottom_divider_color=&#8220;#ffffff&#8220; bottom_divider_height=&#8220;0px&#8220;][et_pb_fullwidth_header title=&#8220;Produktentwicklung&#8220; background_overlay_color=&#8220;rgba(0,0,0,0.2)&#8220; _builder_version=&#8220;4.2.2&#8243; title_font=&#8220;Ubuntu|700||on|||||&#8220; title_font_size=&#8220;60px&#8220; content_font=&#8220;Ubuntu|300|||||||&#8220; content_font_size=&#8220;22px&#8220; background_enable_color=&#8220;off&#8220; background_enable_image=&#8220;off&#8220; custom_padding=&#8220;270px||70px||false|false&#8220; title_font_size_tablet=&#8220;45px&#8220; title_font_size_phone=&#8220;30px&#8220; title_font_size_last_edited=&#8220;on|tablet&#8220; content_line_height_tablet=&#8220;&#8220; content_line_height_phone=&#8220;1.4em&#8220; content_line_height_last_edited=&#8220;on|phone&#8220;] Von der Idee bis zum fertigen Produkt in deinen H\u00e4nden. [\/et_pb_fullwidth_header][\/et_pb_section][et_pb_section fb_built=&#8220;1&#8243; _builder_version=&#8220;4.2.2&#8243;][et_pb_row column_structure=&#8220;1_2,1_2&#8243; _builder_version=&#8220;4.2.2&#8243;][et_pb_column type=&#8220;1_2&#8243; _builder_version=&#8220;4.2.2&#8243;][et_pb_text _builder_version=&#8220;4.2.2&#8243; text_font=&#8220;Ubuntu|300|||||||&#8220; text_font_size=&#8220;16px&#8220; text_line_height=&#8220;1.8em&#8220; header_2_font=&#8220;Ubuntu||||||||&#8220; header_2_font_size=&#8220;30px&#8220; background_color=&#8220;rgba(0,0,0,0)&#8220; custom_padding=&#8220;0px|0px|0px|0px|false|false&#8220; border_color_all=&#8220;#ffffff&#8220;] [&hellip;]\" \/>\n<meta property=\"og:url\" content=\"https:\/\/arbo-gmbh.com\/en\/produktentwicklung\/\" \/>\n<meta property=\"og:site_name\" content=\"arbo-gmbh.com\" \/>\n<meta property=\"article:modified_time\" content=\"2021-07-12T13:25:17+00:00\" \/>\n<meta name=\"twitter:card\" content=\"summary_large_image\" \/>\n<meta name=\"twitter:label1\" content=\"Est. reading time\" \/>\n\t<meta name=\"twitter:data1\" content=\"5 minutes\" \/>\n<script type=\"application\/ld+json\" class=\"yoast-schema-graph\">{\"@context\":\"https:\\\/\\\/schema.org\",\"@graph\":[{\"@type\":\"WebPage\",\"@id\":\"https:\\\/\\\/arbo-gmbh.com\\\/produktentwicklung\\\/\",\"url\":\"https:\\\/\\\/arbo-gmbh.com\\\/produktentwicklung\\\/\",\"name\":\"Produktentwicklung - arbo-gmbh.com\",\"isPartOf\":{\"@id\":\"https:\\\/\\\/arbo-gmbh.com\\\/#website\"},\"datePublished\":\"2021-07-01T08:32:20+00:00\",\"dateModified\":\"2021-07-12T13:25:17+00:00\",\"breadcrumb\":{\"@id\":\"https:\\\/\\\/arbo-gmbh.com\\\/produktentwicklung\\\/#breadcrumb\"},\"inLanguage\":\"en-US\",\"potentialAction\":[{\"@type\":\"ReadAction\",\"target\":[\"https:\\\/\\\/arbo-gmbh.com\\\/produktentwicklung\\\/\"]}]},{\"@type\":\"BreadcrumbList\",\"@id\":\"https:\\\/\\\/arbo-gmbh.com\\\/produktentwicklung\\\/#breadcrumb\",\"itemListElement\":[{\"@type\":\"ListItem\",\"position\":1,\"name\":\"Startseite\",\"item\":\"https:\\\/\\\/arbo-gmbh.com\\\/\"},{\"@type\":\"ListItem\",\"position\":2,\"name\":\"Produktentwicklung\"}]},{\"@type\":\"WebSite\",\"@id\":\"https:\\\/\\\/arbo-gmbh.com\\\/#website\",\"url\":\"https:\\\/\\\/arbo-gmbh.com\\\/\",\"name\":\"arbo-gmbh.com\",\"description\":\"Full-Service Product Development And Logistics.o\",\"potentialAction\":[{\"@type\":\"SearchAction\",\"target\":{\"@type\":\"EntryPoint\",\"urlTemplate\":\"https:\\\/\\\/arbo-gmbh.com\\\/?s={search_term_string}\"},\"query-input\":{\"@type\":\"PropertyValueSpecification\",\"valueRequired\":true,\"valueName\":\"search_term_string\"}}],\"inLanguage\":\"en-US\"}]}<\/script>\n<!-- \/ Yoast SEO plugin. -->","yoast_head_json":{"title":"Produktentwicklung - arbo-gmbh.com","robots":{"index":"index","follow":"follow","max-snippet":"max-snippet:-1","max-image-preview":"max-image-preview:large","max-video-preview":"max-video-preview:-1"},"canonical":"https:\/\/arbo-gmbh.com\/en\/produktentwicklung\/","og_locale":"en_US","og_type":"article","og_title":"Produktentwicklung - arbo-gmbh.com","og_description":"[et_pb_section fb_built=&#8220;1&#8243; fullwidth=&#8220;on&#8220; _builder_version=&#8220;4.2.2&#8243; use_background_color_gradient=&#8220;on&#8220; background_color_gradient_start=&#8220;rgba(0,0,0,0)&#8220; background_color_gradient_end=&#8220;rgba(50,219,242,0.8)&#8220; background_color_gradient_direction=&#8220;167deg&#8220; background_color_gradient_overlays_image=&#8220;on&#8220; background_image=&#8220;https:\/\/arbo-gmbh.com\/wp-content\/uploads\/2021\/07\/team-working-development-of-programming-and-encryp-UM9DA5M-scaled.jpg&#8220; bottom_divider_style=&#8220;wave&#8220; bottom_divider_color=&#8220;#ffffff&#8220; bottom_divider_height=&#8220;0px&#8220;][et_pb_fullwidth_header title=&#8220;Produktentwicklung&#8220; background_overlay_color=&#8220;rgba(0,0,0,0.2)&#8220; _builder_version=&#8220;4.2.2&#8243; title_font=&#8220;Ubuntu|700||on|||||&#8220; title_font_size=&#8220;60px&#8220; content_font=&#8220;Ubuntu|300|||||||&#8220; content_font_size=&#8220;22px&#8220; background_enable_color=&#8220;off&#8220; background_enable_image=&#8220;off&#8220; custom_padding=&#8220;270px||70px||false|false&#8220; title_font_size_tablet=&#8220;45px&#8220; title_font_size_phone=&#8220;30px&#8220; title_font_size_last_edited=&#8220;on|tablet&#8220; content_line_height_tablet=&#8220;&#8220; content_line_height_phone=&#8220;1.4em&#8220; content_line_height_last_edited=&#8220;on|phone&#8220;] Von der Idee bis zum fertigen Produkt in deinen H\u00e4nden. [\/et_pb_fullwidth_header][\/et_pb_section][et_pb_section fb_built=&#8220;1&#8243; _builder_version=&#8220;4.2.2&#8243;][et_pb_row column_structure=&#8220;1_2,1_2&#8243; _builder_version=&#8220;4.2.2&#8243;][et_pb_column type=&#8220;1_2&#8243; _builder_version=&#8220;4.2.2&#8243;][et_pb_text _builder_version=&#8220;4.2.2&#8243; text_font=&#8220;Ubuntu|300|||||||&#8220; text_font_size=&#8220;16px&#8220; text_line_height=&#8220;1.8em&#8220; header_2_font=&#8220;Ubuntu||||||||&#8220; header_2_font_size=&#8220;30px&#8220; background_color=&#8220;rgba(0,0,0,0)&#8220; custom_padding=&#8220;0px|0px|0px|0px|false|false&#8220; border_color_all=&#8220;#ffffff&#8220;] [&hellip;]","og_url":"https:\/\/arbo-gmbh.com\/en\/produktentwicklung\/","og_site_name":"arbo-gmbh.com","article_modified_time":"2021-07-12T13:25:17+00:00","twitter_card":"summary_large_image","twitter_misc":{"Est. reading time":"5 minutes"},"schema":{"@context":"https:\/\/schema.org","@graph":[{"@type":"WebPage","@id":"https:\/\/arbo-gmbh.com\/produktentwicklung\/","url":"https:\/\/arbo-gmbh.com\/produktentwicklung\/","name":"Produktentwicklung - arbo-gmbh.com","isPartOf":{"@id":"https:\/\/arbo-gmbh.com\/#website"},"datePublished":"2021-07-01T08:32:20+00:00","dateModified":"2021-07-12T13:25:17+00:00","breadcrumb":{"@id":"https:\/\/arbo-gmbh.com\/produktentwicklung\/#breadcrumb"},"inLanguage":"en-US","potentialAction":[{"@type":"ReadAction","target":["https:\/\/arbo-gmbh.com\/produktentwicklung\/"]}]},{"@type":"BreadcrumbList","@id":"https:\/\/arbo-gmbh.com\/produktentwicklung\/#breadcrumb","itemListElement":[{"@type":"ListItem","position":1,"name":"Startseite","item":"https:\/\/arbo-gmbh.com\/"},{"@type":"ListItem","position":2,"name":"Produktentwicklung"}]},{"@type":"WebSite","@id":"https:\/\/arbo-gmbh.com\/#website","url":"https:\/\/arbo-gmbh.com\/","name":"arbo-gmbh.com","description":"Full-Service Product Development And Logistics.o","potentialAction":[{"@type":"SearchAction","target":{"@type":"EntryPoint","urlTemplate":"https:\/\/arbo-gmbh.com\/?s={search_term_string}"},"query-input":{"@type":"PropertyValueSpecification","valueRequired":true,"valueName":"search_term_string"}}],"inLanguage":"en-US"}]}},"_links":{"self":[{"href":"https:\/\/arbo-gmbh.com\/en\/wp-json\/wp\/v2\/pages\/20","targetHints":{"allow":["GET"]}}],"collection":[{"href":"https:\/\/arbo-gmbh.com\/en\/wp-json\/wp\/v2\/pages"}],"about":[{"href":"https:\/\/arbo-gmbh.com\/en\/wp-json\/wp\/v2\/types\/page"}],"author":[{"embeddable":true,"href":"https:\/\/arbo-gmbh.com\/en\/wp-json\/wp\/v2\/users\/2"}],"replies":[{"embeddable":true,"href":"https:\/\/arbo-gmbh.com\/en\/wp-json\/wp\/v2\/comments?post=20"}],"version-history":[{"count":10,"href":"https:\/\/arbo-gmbh.com\/en\/wp-json\/wp\/v2\/pages\/20\/revisions"}],"predecessor-version":[{"id":412,"href":"https:\/\/arbo-gmbh.com\/en\/wp-json\/wp\/v2\/pages\/20\/revisions\/412"}],"wp:attachment":[{"href":"https:\/\/arbo-gmbh.com\/en\/wp-json\/wp\/v2\/media?parent=20"}],"curies":[{"name":"wp","href":"https:\/\/api.w.org\/{rel}","templated":true}]}}